{"id":83678,"date":"2024-11-27T16:38:30","date_gmt":"2024-12-17T12:43:26","guid":{"rendered":"https:\/\/staging.nbg.eu\/product\/super-precision-t1-mount-absolute-co-witness-ddc\/"},"modified":"2024-12-17T12:45:07","modified_gmt":"2024-12-17T12:45:07","slug":"montura-de-superprecision-t1-absolute-co-witness-ddc","status":"publish","type":"product","link":"https:\/\/staging.nbg.eu\/es\/producto\/montura-de-superprecision-t1-absolute-co-witness-ddc\/","title":{"rendered":"Montura de Superprecisi\u00f3n T1 &#8211; Absolute Co-Witness &#8211; DDC"},"content":{"rendered":"<div class=\"product-description\">\n<h2>Montura T1 de Precisi\u00f3n &#8211; Co-testigo Absoluto &#8211; DDC<\/h2>\n<p>Montura para Aimpoint T1 o miras de punto rojo similares. Fabricada de una sola pieza de aluminio 7075-T6 de alta resistencia.<\/p>\n<ul>\n<li>Altura de co-testigo absoluto<\/li>\n<li>Acabado anodizado tipo 3 en color DDC (Color Tierra del Desierto)<\/li>\n<li>M\u00e9todo de fijaci\u00f3n con tuerca y perno, proporcionando 1,400 libras de fuerza de sujeci\u00f3n<\/li>\n<li>3 leng\u00fcetas de cizallamiento para m\u00e1xima rigidez y retorno a cero<\/li>\n<li>Dise\u00f1o ligero de 2 onzas<\/li>\n<\/ul>\n<p>Soluci\u00f3n de montaje de Geissele.<\/p>\n<\/div>\n","protected":false},"excerpt":{"rendered":"<p>Soporte de \u00f3ptica T1 de precisi\u00f3n, co-testigo absoluto, acabado DDC, ultra seguro<\/p>\n","protected":false},"featured_media":82850,"template":"","meta":{"_acf_changed":false},"product_brand":[11388],"product_cat":[12255],"product_tag":[],"class_list":{"0":"post-83678","1":"product","2":"type-product","3":"status-publish","4":"has-post-thumbnail","6":"product_brand-geissele","7":"product_cat-punteria","9":"first","10":"instock","11":"taxable","12":"shipping-taxable","13":"product-type-simple"},"acf":[],"_links":{"self":[{"href":"https:\/\/staging.nbg.eu\/es\/wp-json\/wp\/v2\/product\/83678","targetHints":{"allow":["GET"]}}],"collection":[{"href":"https:\/\/staging.nbg.eu\/es\/wp-json\/wp\/v2\/product"}],"about":[{"href":"https:\/\/staging.nbg.eu\/es\/wp-json\/wp\/v2\/types\/product"}],"wp:featuredmedia":[{"embeddable":true,"href":"https:\/\/staging.nbg.eu\/es\/wp-json\/wp\/v2\/media\/82850"}],"wp:attachment":[{"href":"https:\/\/staging.nbg.eu\/es\/wp-json\/wp\/v2\/media?parent=83678"}],"wp:term":[{"taxonomy":"product_brand","embeddable":true,"href":"https:\/\/staging.nbg.eu\/es\/wp-json\/wp\/v2\/product_brand?post=83678"},{"taxonomy":"product_cat","embeddable":true,"href":"https:\/\/staging.nbg.eu\/es\/wp-json\/wp\/v2\/product_cat?post=83678"},{"taxonomy":"product_tag","embeddable":true,"href":"https:\/\/staging.nbg.eu\/es\/wp-json\/wp\/v2\/product_tag?post=83678"}],"curies":[{"name":"wp","href":"https:\/\/api.w.org\/{rel}","templated":true}]}}