{"id":83656,"date":"2024-11-02T06:43:16","date_gmt":"2024-11-02T06:43:16","guid":{"rendered":"https:\/\/staging.nbg.eu\/product\/sons-of-liberty-gun-works-ar-15-buffer-h3\/"},"modified":"2024-12-17T13:05:18","modified_gmt":"2024-12-17T13:05:18","slug":"sons-of-liberty-gun-works-amortiguador-ar-15-h3","status":"publish","type":"product","link":"https:\/\/staging.nbg.eu\/es\/producto\/sons-of-liberty-gun-works-amortiguador-ar-15-h3\/","title":{"rendered":"Sons of Liberty Gun Works &#8211; Amortiguador AR 15 H3"},"content":{"rendered":"<div class=\"product-description\">\n<h2>Sons of Liberty Gun Works &#8211; Amortiguador H3 para AR-15<\/h2>\n<p>Mejore el rendimiento de su AR-15 con el amortiguador H3 de SOLGW. Fabricado con tolerancias precisas, esta pieza de repuesto asegura una funcionalidad \u00f3ptima para su arma de fuego.<\/p>\n<ul>\n<li>Compatible con todos los modelos AR-15<\/li>\n<li>Peso: 5.4 oz<\/li>\n<li>Dimensiones: 1 pulgada<\/li>\n<li>Marcado claramente para f\u00e1cil identificaci\u00f3n del peso<\/li>\n<\/ul>\n<p>Mantenga la fiabilidad y operaci\u00f3n suave de su AR-15 con este amortiguador. El amortiguador H3 de SOLGW est\u00e1 dise\u00f1ado para reducir el retroceso percibido y mejorar el ciclo de disparo.<\/p>\n<p>Elija Sons of Liberty Gun Works para calidad y rendimiento en cada disparo.<\/p>\n<\/div>\n","protected":false},"excerpt":{"rendered":"<p>Buffer AR-15 H3 de Sons of Liberty: Preciso, duradero, peso de 5.4 onzas.<\/p>\n","protected":false},"featured_media":76335,"template":"","meta":{"_acf_changed":false},"product_brand":[],"product_cat":[12228],"product_tag":[],"class_list":{"0":"post-83656","1":"product","2":"type-product","3":"status-publish","4":"has-post-thumbnail","6":"product_cat-ajuste-de-rifle","8":"first","9":"outofstock","10":"taxable","11":"shipping-taxable","12":"purchasable","13":"product-type-simple"},"acf":[],"_links":{"self":[{"href":"https:\/\/staging.nbg.eu\/es\/wp-json\/wp\/v2\/product\/83656","targetHints":{"allow":["GET"]}}],"collection":[{"href":"https:\/\/staging.nbg.eu\/es\/wp-json\/wp\/v2\/product"}],"about":[{"href":"https:\/\/staging.nbg.eu\/es\/wp-json\/wp\/v2\/types\/product"}],"wp:featuredmedia":[{"embeddable":true,"href":"https:\/\/staging.nbg.eu\/es\/wp-json\/wp\/v2\/media\/76335"}],"wp:attachment":[{"href":"https:\/\/staging.nbg.eu\/es\/wp-json\/wp\/v2\/media?parent=83656"}],"wp:term":[{"taxonomy":"product_brand","embeddable":true,"href":"https:\/\/staging.nbg.eu\/es\/wp-json\/wp\/v2\/product_brand?post=83656"},{"taxonomy":"product_cat","embeddable":true,"href":"https:\/\/staging.nbg.eu\/es\/wp-json\/wp\/v2\/product_cat?post=83656"},{"taxonomy":"product_tag","embeddable":true,"href":"https:\/\/staging.nbg.eu\/es\/wp-json\/wp\/v2\/product_tag?post=83656"}],"curies":[{"name":"wp","href":"https:\/\/api.w.org\/{rel}","templated":true}]}}