{"id":83410,"date":"2024-11-05T08:15:55","date_gmt":"2024-12-16T10:07:21","guid":{"rendered":"https:\/\/staging.nbg.eu\/product\/tinck-arms-semi-automatic-carbine-perun-x17-16\/"},"modified":"2024-12-16T10:09:04","modified_gmt":"2024-12-16T10:09:04","slug":"carabina-semiautomatica-tinck-arms-perun-x17-16","status":"publish","type":"product","link":"https:\/\/staging.nbg.eu\/es\/producto\/carabina-semiautomatica-tinck-arms-perun-x17-16\/","title":{"rendered":"Carabina Semiautom\u00e1tica Tinck Arms Perun X17 &#8211; 16&#8243;"},"content":{"rendered":"<div class=\"product-description\">\n<h2>Tinck Arms Perun X17 &#8211; Carabina Semiautom\u00e1tica de 16&#8243;<\/h2>\n<p>El Perun X17 representa la evoluci\u00f3n del sistema AR10, dise\u00f1ado para satisfacer las necesidades de deportistas, fuerzas del orden y personal militar. Esta plataforma incorpora caracter\u00edsticas innovadoras y un sistema operativo patentado que establece nuevos est\u00e1ndares de fiabilidad y facilidad de mantenimiento.<\/p>\n<h2>Caracter\u00edsticas principales:<\/h2>\n<ul>\n<li>Balance y manejo para mejorar la precisi\u00f3n durante el disparo r\u00e1pido<\/li>\n<li>Experiencia de disparo suave<\/li>\n<li>Alta modularidad y compatibilidad con piezas de la plataforma AR10<\/li>\n<li>Controles ambidiestros<\/li>\n<li>Opci\u00f3n de culata plegable para mayor portabilidad<\/li>\n<\/ul>\n<h2>Especificaciones t\u00e9cnicas:<\/h2>\n<table>\n<tr>\n<td>Calibre:<\/td>\n<td>7.62 x 51mm .308Win, 6.5 Creedmoor<\/td>\n<\/tr>\n<tr>\n<td>Sistema operativo:<\/td>\n<td>Cerrojo rotativo bloqueado h\u00edbrido DI y carrera corta<\/td>\n<\/tr>\n<tr>\n<td>Acci\u00f3n:<\/td>\n<td>Semiautom\u00e1tica<\/td>\n<\/tr>\n<tr>\n<td>Longitud (m\u00edn\/m\u00e1x):<\/td>\n<td>605mm \/ 1040mm<\/td>\n<\/tr>\n<tr>\n<td>Ancho:<\/td>\n<td>56mm (64mm total con manija de carga)<\/td>\n<\/tr>\n<tr>\n<td>Altura:<\/td>\n<td>210mm (con cargador de 10 cartuchos)<\/td>\n<\/tr>\n<tr>\n<td>Longitud del ca\u00f1\u00f3n:<\/td>\n<td>16&#8243; (Compatible con AR10 est\u00e1ndar)<\/td>\n<\/tr>\n<tr>\n<td>Tasa de rotaci\u00f3n:<\/td>\n<td>1:12<\/td>\n<\/tr>\n<tr>\n<td>Peso:<\/td>\n<td>3.7kg (con cargador de 20 cartuchos)<\/td>\n<\/tr>\n<tr>\n<td>Sistema de punter\u00eda:<\/td>\n<td>Mira abatible de emergencia (secundaria)<\/td>\n<\/tr>\n<tr>\n<td>Longitud de mira:<\/td>\n<td>300mm, 340mm<\/td>\n<\/tr>\n<tr>\n<td>Conexi\u00f3n para supresor:<\/td>\n<td>Rosca 5\/8 x 24 integrada en el freno de boca<\/td>\n<\/tr>\n<tr>\n<td>Dispositivo de boca:<\/td>\n<td>Freno de boca de 3 c\u00e1maras<\/td>\n<\/tr>\n<tr>\n<td>Rieles NAR:<\/td>\n<td>1+3<\/td>\n<\/tr>\n<tr>\n<td>Manija de carga:<\/td>\n<td>No rec\u00edproca<\/td>\n<\/tr>\n<tr>\n<td>Capacidad del cargador:<\/td>\n<td>10, 20, 25 cartuchos (pol\u00edmero)<\/td>\n<\/tr>\n<tr>\n<td>Opciones de culata:<\/td>\n<td>Culata plegable Masada, tubo buffer AR-15 con culata MFT<\/td>\n<\/tr>\n<\/table>\n<p>\n","protected":false},"excerpt":{"rendered":"<p>Carabina vers\u00e1til y confiable de 7,62x51mm con ca\u00f1\u00f3n de 16&#8243;. Plataforma AR10 modular de disparo suave.<\/p>\n","protected":false},"featured_media":77497,"template":"","meta":{"_acf_changed":false},"product_brand":[11926],"product_cat":[12276,12279],"product_tag":[],"class_list":{"0":"post-83410","1":"product","2":"type-product","3":"status-publish","4":"has-post-thumbnail","6":"product_brand-tinck-arms","7":"product_cat-carabinas","8":"product_cat-rifle","10":"first","11":"instock","12":"taxable","13":"shipping-taxable","14":"purchasable","15":"product-type-simple"},"acf":[],"_links":{"self":[{"href":"https:\/\/staging.nbg.eu\/es\/wp-json\/wp\/v2\/product\/83410","targetHints":{"allow":["GET"]}}],"collection":[{"href":"https:\/\/staging.nbg.eu\/es\/wp-json\/wp\/v2\/product"}],"about":[{"href":"https:\/\/staging.nbg.eu\/es\/wp-json\/wp\/v2\/types\/product"}],"wp:featuredmedia":[{"embeddable":true,"href":"https:\/\/staging.nbg.eu\/es\/wp-json\/wp\/v2\/media\/77497"}],"wp:attachment":[{"href":"https:\/\/staging.nbg.eu\/es\/wp-json\/wp\/v2\/media?parent=83410"}],"wp:term":[{"taxonomy":"product_brand","embeddable":true,"href":"https:\/\/staging.nbg.eu\/es\/wp-json\/wp\/v2\/product_brand?post=83410"},{"taxonomy":"product_cat","embeddable":true,"href":"https:\/\/staging.nbg.eu\/es\/wp-json\/wp\/v2\/product_cat?post=83410"},{"taxonomy":"product_tag","embeddable":true,"href":"https:\/\/staging.nbg.eu\/es\/wp-json\/wp\/v2\/product_tag?post=83410"}],"curies":[{"name":"wp","href":"https:\/\/api.w.org\/{rel}","templated":true}]}}