{"id":75478,"date":"2024-10-30T18:55:52","date_gmt":"2024-11-01T09:44:42","guid":{"rendered":"https:\/\/staging.nbg.eu\/product\/rhh-201-iwb-magazine-2\/"},"modified":"2024-11-01T09:46:46","modified_gmt":"2024-11-01T09:46:46","slug":"cargador-iwb-rhh-201","status":"publish","type":"product","link":"https:\/\/staging.nbg.eu\/es\/producto\/cargador-iwb-rhh-201\/","title":{"rendered":"Cargador IWB Rhh .201"},"content":{"rendered":"<div class=\"product-description\">\n<h2>Funda de cargador IWB Rhh .201<\/h2>\n<p>La funda de cargador IWB Rhh .201 es para uso dentro de la cintura. Caracter\u00edsticas:<\/p>\n<ul>\n<li>Construcci\u00f3n de kydex prensado para un ajuste preciso<\/li>\n<li>Bordes cortados a mano<\/li>\n<li>Agarre ajustable para retenci\u00f3n personalizada<\/li>\n<li>Dise\u00f1o para f\u00e1cil limpieza<\/li>\n<li>Material kydex de 2mm de grosor<\/li>\n<li>Opciones de uso alrededor de la cintura<\/li>\n<li>Para uso durante todo el a\u00f1o<\/li>\n<li>Disponible con clips de acero en tama\u00f1os de 40mm y 45mm<\/li>\n<li>Protector contra sudor opcional<\/li>\n<\/ul>\n<p>Para porte oculto con m\u00ednima impresi\u00f3n bajo la ropa. Para usuarios diestros en posici\u00f3n de 9 en punto.<\/p>\n<\/div>\n","protected":false},"excerpt":{"rendered":"<p>Funda de cargador IWB delgada y ocultable con agarre ajustable y protecci\u00f3n contra el sudor.<\/p>\n","protected":false},"featured_media":74457,"template":"","meta":{"_acf_changed":false},"product_brand":[11650],"product_cat":[12233,12222],"product_tag":[],"class_list":{"0":"post-75478","1":"product","2":"type-product","3":"status-publish","4":"has-post-thumbnail","6":"product_brand-rh-holsters","7":"product_cat-funda","8":"product_cat-portacargadores","9":"pa_belt-size-40mm-es","10":"pa_model-glock-17-22-31-es","11":"pa_model-glock-19-23-32-es","12":"pa_model-glock-26-27-es","13":"pa_strong-hand-right-es","15":"first","16":"instock","17":"taxable","18":"shipping-taxable","19":"purchasable","20":"product-type-variable","21":"wvs-archive-product-wrapper"},"acf":[],"_links":{"self":[{"href":"https:\/\/staging.nbg.eu\/es\/wp-json\/wp\/v2\/product\/75478","targetHints":{"allow":["GET"]}}],"collection":[{"href":"https:\/\/staging.nbg.eu\/es\/wp-json\/wp\/v2\/product"}],"about":[{"href":"https:\/\/staging.nbg.eu\/es\/wp-json\/wp\/v2\/types\/product"}],"wp:featuredmedia":[{"embeddable":true,"href":"https:\/\/staging.nbg.eu\/es\/wp-json\/wp\/v2\/media\/74457"}],"wp:attachment":[{"href":"https:\/\/staging.nbg.eu\/es\/wp-json\/wp\/v2\/media?parent=75478"}],"wp:term":[{"taxonomy":"product_brand","embeddable":true,"href":"https:\/\/staging.nbg.eu\/es\/wp-json\/wp\/v2\/product_brand?post=75478"},{"taxonomy":"product_cat","embeddable":true,"href":"https:\/\/staging.nbg.eu\/es\/wp-json\/wp\/v2\/product_cat?post=75478"},{"taxonomy":"product_tag","embeddable":true,"href":"https:\/\/staging.nbg.eu\/es\/wp-json\/wp\/v2\/product_tag?post=75478"}],"curies":[{"name":"wp","href":"https:\/\/api.w.org\/{rel}","templated":true}]}}