{"id":75341,"date":"2024-10-30T20:07:58","date_gmt":"2024-10-30T20:07:58","guid":{"rendered":"https:\/\/staging.nbg.eu\/product\/daa-hard-case-large-430\/"},"modified":"2024-11-01T09:08:28","modified_gmt":"2024-11-01T09:08:28","slug":"daa-estuche-rigido-grande-430","status":"publish","type":"product","link":"https:\/\/staging.nbg.eu\/es\/producto\/daa-estuche-rigido-grande-430\/","title":{"rendered":"DAA Estuche R\u00edgido Grande-430"},"content":{"rendered":"<div class=\"product-description\">\n<h2>Estuche R\u00edgido DAA Grande-430<\/h2>\n<p>El estuche r\u00edgido DAA Grande-430 certificado IP67 ofrece protecci\u00f3n para sus objetos de valor. Es adecuado para armas de fuego, equipo fotogr\u00e1fico, equipo marino y m\u00e1s, este estuche est\u00e1 dise\u00f1ado para resistir condiciones extremas.<\/p>\n<ul>\n<li>Sello herm\u00e9tico y v\u00e1lvula de liberaci\u00f3n de presi\u00f3n autom\u00e1tica<\/li>\n<li>Cierres de doble acci\u00f3n f\u00e1ciles de abrir y orificios para candado<\/li>\n<li>Sistema de apilamiento con puntos de fijaci\u00f3n adicionales<\/li>\n<li>Incluye un juego de 4 piezas de espuma para un interior personalizable<\/li>\n<li>Disponible en Negro o Naranja<\/li>\n<\/ul>\n<p>Dimensiones externas: 464 x 366 x 176 mm (18.27 x 14.41 x 6.93 pulgadas)<br \/>\n  Dimensiones internas: 426 x 290 x 159 mm (16.77 x 11.41 x 6.26 pulgadas)<br \/>\n  Peso: 3.1 kg<\/p>\n<\/div>\n","protected":false},"excerpt":{"rendered":"<p>Estuche duradero e impermeable para equipos valiosos. Certificaci\u00f3n IP67, vers\u00e1til.<\/p>\n","protected":false},"featured_media":74483,"template":"","meta":{"_acf_changed":false},"product_brand":[11277],"product_cat":[12246,12268],"product_tag":[],"class_list":{"0":"post-75341","1":"product","2":"type-product","3":"status-publish","4":"has-post-thumbnail","6":"product_brand-doublealpha","7":"product_cat-equipo","8":"product_cat-estuches-de-transporte","10":"first","11":"outofstock","12":"taxable","13":"shipping-taxable","14":"purchasable","15":"product-type-simple"},"acf":[],"_links":{"self":[{"href":"https:\/\/staging.nbg.eu\/es\/wp-json\/wp\/v2\/product\/75341","targetHints":{"allow":["GET"]}}],"collection":[{"href":"https:\/\/staging.nbg.eu\/es\/wp-json\/wp\/v2\/product"}],"about":[{"href":"https:\/\/staging.nbg.eu\/es\/wp-json\/wp\/v2\/types\/product"}],"wp:featuredmedia":[{"embeddable":true,"href":"https:\/\/staging.nbg.eu\/es\/wp-json\/wp\/v2\/media\/74483"}],"wp:attachment":[{"href":"https:\/\/staging.nbg.eu\/es\/wp-json\/wp\/v2\/media?parent=75341"}],"wp:term":[{"taxonomy":"product_brand","embeddable":true,"href":"https:\/\/staging.nbg.eu\/es\/wp-json\/wp\/v2\/product_brand?post=75341"},{"taxonomy":"product_cat","embeddable":true,"href":"https:\/\/staging.nbg.eu\/es\/wp-json\/wp\/v2\/product_cat?post=75341"},{"taxonomy":"product_tag","embeddable":true,"href":"https:\/\/staging.nbg.eu\/es\/wp-json\/wp\/v2\/product_tag?post=75341"}],"curies":[{"name":"wp","href":"https:\/\/api.w.org\/{rel}","templated":true}]}}