{"id":74936,"date":"2024-10-21T09:31:15","date_gmt":"2024-10-31T11:16:28","guid":{"rendered":"https:\/\/staging.nbg.eu\/product\/grips-kmr-s-dotmatrix-ergo-silver\/"},"modified":"2024-10-31T11:17:52","modified_gmt":"2024-10-31T11:17:52","slug":"empunaduras-kmr-s-dotmatrix-ergo-plata","status":"publish","type":"product","link":"https:\/\/staging.nbg.eu\/es\/producto\/empunaduras-kmr-s-dotmatrix-ergo-plata\/","title":{"rendered":"EMPU\u00d1ADURAS KMR S DotMatrix &#8211; Ergo Plata"},"content":{"rendered":"<h2>GRIPS KMR S DotMatrix &#8211; Ergo Plateado<\/h2>\n<p>Mejore el rendimiento de su pistola KMR S-02 con nuestros grips DotMatrix. Fabricados en duraluminio anodizado, estos grips de tama\u00f1o largo tienen un dise\u00f1o ergon\u00f3mico y un patr\u00f3n de pelota de golf para mejorar el agarre y el control.<\/p>\n<ul>\n<li>Compatible exclusivamente con el marco KMR S-02 (26mm de ancho)<\/li>\n<li>Construcci\u00f3n en duraluminio anodizado para durabilidad y ligereza<\/li>\n<li>Dise\u00f1o ergon\u00f3mico para mejor manejo y comodidad<\/li>\n<li>Textura de patr\u00f3n de pelota de golf para mejor agarre en todas las condiciones<\/li>\n<li>Acabado plateado con logo KMR<\/li>\n<li>Incluye tornillos torx para f\u00e1cil instalaci\u00f3n<\/li>\n<\/ul>\n<p>Mejore su experiencia de tiro con estos grips dise\u00f1ados espec\u00edficamente para la pistola KMR S-02 .22 LR. No compatible con los tama\u00f1os de marco W-02 o L-02.<\/p>\n<dl class=\"data-sheet\">\n<dt class=\"name\">Para Armas KMR<\/dt>\n<dd class=\"value\">KMR S-01 LANCE (OR)<br \/>\nKMR S-02 HASTA 2023<\/dd>\n<dt class=\"name\">Selecci\u00f3n por Armas CZ<\/dt>\n<dd class=\"value\">CZ SHADOW 1<br \/>\nCZ SHADOW 2<br \/>\nCZ SHADOW 2 (OR)<br \/>\nCZ SP-01<\/dd>\n<\/dl>\n","protected":false},"excerpt":{"rendered":"<p>Empu\u00f1aduras ergon\u00f3micas plateadas para pistolas KMR S-02.<br \/>\n0611-03001-0102<\/p>\n","protected":false},"featured_media":73858,"template":"","meta":{"_acf_changed":false},"product_brand":[11503],"product_cat":[12231],"product_tag":[],"class_list":{"0":"post-74936","1":"product","2":"type-product","3":"status-publish","4":"has-post-thumbnail","6":"product_brand-kmr-precision","7":"product_cat-piezas-kmr","9":"first","10":"instock","11":"taxable","12":"shipping-taxable","13":"purchasable","14":"product-type-simple"},"acf":[],"_links":{"self":[{"href":"https:\/\/staging.nbg.eu\/es\/wp-json\/wp\/v2\/product\/74936","targetHints":{"allow":["GET"]}}],"collection":[{"href":"https:\/\/staging.nbg.eu\/es\/wp-json\/wp\/v2\/product"}],"about":[{"href":"https:\/\/staging.nbg.eu\/es\/wp-json\/wp\/v2\/types\/product"}],"wp:featuredmedia":[{"embeddable":true,"href":"https:\/\/staging.nbg.eu\/es\/wp-json\/wp\/v2\/media\/73858"}],"wp:attachment":[{"href":"https:\/\/staging.nbg.eu\/es\/wp-json\/wp\/v2\/media?parent=74936"}],"wp:term":[{"taxonomy":"product_brand","embeddable":true,"href":"https:\/\/staging.nbg.eu\/es\/wp-json\/wp\/v2\/product_brand?post=74936"},{"taxonomy":"product_cat","embeddable":true,"href":"https:\/\/staging.nbg.eu\/es\/wp-json\/wp\/v2\/product_cat?post=74936"},{"taxonomy":"product_tag","embeddable":true,"href":"https:\/\/staging.nbg.eu\/es\/wp-json\/wp\/v2\/product_tag?post=74936"}],"curies":[{"name":"wp","href":"https:\/\/api.w.org\/{rel}","templated":true}]}}