{"id":74826,"date":"2024-10-21T09:29:53","date_gmt":"2024-10-31T10:56:10","guid":{"rendered":"https:\/\/staging.nbg.eu\/product\/grips-kmr-s-dotmatrix-black\/"},"modified":"2024-10-31T10:57:33","modified_gmt":"2024-10-31T10:57:33","slug":"empunaduras-kmr-s-dotmatrix-negro","status":"publish","type":"product","link":"https:\/\/staging.nbg.eu\/es\/producto\/empunaduras-kmr-s-dotmatrix-negro\/","title":{"rendered":"EMPU\u00d1ADURAS KMR S DotMatrix &#8211; Negro"},"content":{"rendered":"<div class=\"product-description\">\n<h2>GRIPS KMR S DotMatrix &#8211; Negro<\/h2>\n<p>Mejore su experiencia de tiro con los GRIPS KMR S DotMatrix en negro. Estas empu\u00f1aduras ofrecen una textura que asegura un agarre firme en cualquier situaci\u00f3n. Adecuadas para mejorar su pistola existente o dise\u00f1ar un arma de competici\u00f3n.<\/p>\n<h3>Caracter\u00edsticas principales:<\/h3>\n<ul>\n<li>Tama\u00f1o largo para un agarre \u00f3ptimo<\/li>\n<li>Fabricadas en duraluminio anodizado para durabilidad<\/li>\n<li>Patr\u00f3n de pelota de golf para textura mejorada<\/li>\n<li>Dise\u00f1adas para uso sin gu\u00eda de cargador<\/li>\n<li>Incluye tornillos torx para f\u00e1cil instalaci\u00f3n<\/li>\n<li>Presenta el logo KMR<\/li>\n<\/ul>\n<p>Compatible exclusivamente con modelos KMR S-02 con marco de aluminio de 26mm de ancho. No compatible con tama\u00f1os de marco W-02 o L-02. Mejore su pistola KMR S-02 .22 LR para un mejor control y rendimiento.<\/p>\n<\/div>\n<dl class=\"data-sheet\">\n<dt class=\"name\">Para Armas KMR<\/dt>\n<dd class=\"value\">KMR S-01 LANCE (OR)<br \/>\nKMR S-02 HASTA 2023<\/dd>\n<dt class=\"name\">Selecci\u00f3n por Armas CZ<\/dt>\n<dd class=\"value\">CZ SHADOW 1<br \/>\nCZ SHADOW 2<br \/>\nCZ SHADOW 2 (OR)<br \/>\nCZ SP-01<\/dd>\n<\/dl>\n","protected":false},"excerpt":{"rendered":"<p>Empu\u00f1aduras de pistola de duraluminio anodizado duradero. Textura agresiva.<\/p>\n<p>0611-02801-0101<\/p>\n","protected":false},"featured_media":73834,"template":"","meta":{"_acf_changed":false},"product_brand":[11503],"product_cat":[12231],"product_tag":[],"class_list":{"0":"post-74826","1":"product","2":"type-product","3":"status-publish","4":"has-post-thumbnail","6":"product_brand-kmr-precision","7":"product_cat-piezas-kmr","9":"first","10":"instock","11":"taxable","12":"shipping-taxable","13":"purchasable","14":"product-type-simple"},"acf":[],"_links":{"self":[{"href":"https:\/\/staging.nbg.eu\/es\/wp-json\/wp\/v2\/product\/74826","targetHints":{"allow":["GET"]}}],"collection":[{"href":"https:\/\/staging.nbg.eu\/es\/wp-json\/wp\/v2\/product"}],"about":[{"href":"https:\/\/staging.nbg.eu\/es\/wp-json\/wp\/v2\/types\/product"}],"wp:featuredmedia":[{"embeddable":true,"href":"https:\/\/staging.nbg.eu\/es\/wp-json\/wp\/v2\/media\/73834"}],"wp:attachment":[{"href":"https:\/\/staging.nbg.eu\/es\/wp-json\/wp\/v2\/media?parent=74826"}],"wp:term":[{"taxonomy":"product_brand","embeddable":true,"href":"https:\/\/staging.nbg.eu\/es\/wp-json\/wp\/v2\/product_brand?post=74826"},{"taxonomy":"product_cat","embeddable":true,"href":"https:\/\/staging.nbg.eu\/es\/wp-json\/wp\/v2\/product_cat?post=74826"},{"taxonomy":"product_tag","embeddable":true,"href":"https:\/\/staging.nbg.eu\/es\/wp-json\/wp\/v2\/product_tag?post=74826"}],"curies":[{"name":"wp","href":"https:\/\/api.w.org\/{rel}","templated":true}]}}