{"id":74378,"date":"2024-10-19T08:43:18","date_gmt":"2024-10-19T08:43:18","guid":{"rendered":"https:\/\/staging.nbg.eu\/product\/sg-timer-go\/"},"modified":"2025-10-01T15:44:46","modified_gmt":"2025-10-01T12:44:46","slug":"sg-timer-go","status":"publish","type":"product","link":"https:\/\/staging.nbg.eu\/es\/producto\/sg-timer-go\/","title":{"rendered":"SG Timer Go"},"content":{"rendered":"<h2>SG Timer Go: Caracter\u00edsticas<\/h2>\n<p>El SG Timer Go incorpora tecnolog\u00eda avanzada en un dispositivo compacto y f\u00e1cil de usar. Con el mismo sensor inteligente y algoritmos de reconocimiento que su predecesor, este temporizador est\u00e1 dise\u00f1ado para mejorar su experiencia de tiro.<\/p>\n<h2>Caracter\u00edsticas Principales:<\/h2>\n<ul>\n<li>Conectividad Bluetooth<\/li>\n<li>Compatibilidad con la aplicaci\u00f3n de ejercicios para funciones avanzadas<\/li>\n<li>Detecci\u00f3n de tiro en seco con retroalimentaci\u00f3n de rendimiento<\/li>\n<li>Filtrado de eco para detecci\u00f3n precisa de disparos<\/li>\n<li>Memoria integrada para 1,000,000 de disparos<\/li>\n<li>Tiempos PAR personalizables<\/li>\n<li>Sensibilidad ajustable para todos los calibres<\/li>\n<li>Control de volumen variable (5-100)<\/li>\n<li>\u00abModo esp\u00eda\u00bb para sincronizaci\u00f3n con otros temporizadores<\/li>\n<\/ul>\n<h2>Dise\u00f1o F\u00e1cil de Usar:<\/h2>\n<ul>\n<li>Pantalla montada en la parte superior para f\u00e1cil visualizaci\u00f3n<\/li>\n<li>Interfaz simplificada de 2 botones<\/li>\n<li>Clip de cintur\u00f3n de liberaci\u00f3n r\u00e1pida para montaje seguro<\/li>\n<li>Clip de bolsillo para opciones de transporte vers\u00e1tiles<\/li>\n<\/ul>\n<h2>Rendimiento Duradero:<\/h2>\n<p>Con hasta 80 horas de uso continuo con una sola carga y un puerto USB-C conveniente, el SG Timer Go est\u00e1 listo para su uso diario.<\/p>\n<p>El SG Timer Go combina simplicidad y caracter\u00edsticas avanzadas &#8211; su compa\u00f1ero de tiro.<\/p>\n","protected":false},"excerpt":{"rendered":"<p>Cron\u00f3metro inteligente compacto con Bluetooth, caracter\u00edsticas avanzadas y larga duraci\u00f3n de bater\u00eda.<\/p>\n","protected":false},"featured_media":73230,"template":"","meta":{"_acf_changed":false},"product_brand":[11804],"product_cat":[12246,12259],"product_tag":[],"class_list":{"0":"post-74378","1":"product","2":"type-product","3":"status-publish","4":"has-post-thumbnail","6":"product_brand-shooters-global","7":"product_cat-equipo","8":"product_cat-temporizadores-de-tiro","10":"first","11":"outofstock","12":"taxable","13":"shipping-taxable","14":"purchasable","15":"product-type-simple"},"acf":[],"_links":{"self":[{"href":"https:\/\/staging.nbg.eu\/es\/wp-json\/wp\/v2\/product\/74378","targetHints":{"allow":["GET"]}}],"collection":[{"href":"https:\/\/staging.nbg.eu\/es\/wp-json\/wp\/v2\/product"}],"about":[{"href":"https:\/\/staging.nbg.eu\/es\/wp-json\/wp\/v2\/types\/product"}],"wp:featuredmedia":[{"embeddable":true,"href":"https:\/\/staging.nbg.eu\/es\/wp-json\/wp\/v2\/media\/73230"}],"wp:attachment":[{"href":"https:\/\/staging.nbg.eu\/es\/wp-json\/wp\/v2\/media?parent=74378"}],"wp:term":[{"taxonomy":"product_brand","embeddable":true,"href":"https:\/\/staging.nbg.eu\/es\/wp-json\/wp\/v2\/product_brand?post=74378"},{"taxonomy":"product_cat","embeddable":true,"href":"https:\/\/staging.nbg.eu\/es\/wp-json\/wp\/v2\/product_cat?post=74378"},{"taxonomy":"product_tag","embeddable":true,"href":"https:\/\/staging.nbg.eu\/es\/wp-json\/wp\/v2\/product_tag?post=74378"}],"curies":[{"name":"wp","href":"https:\/\/api.w.org\/{rel}","templated":true}]}}