{"id":74311,"date":"2024-10-18T19:29:44","date_gmt":"2024-10-30T09:19:22","guid":{"rendered":"https:\/\/staging.nbg.eu\/product\/nitehog-viper-50-next-thermal-clip-on\/"},"modified":"2024-10-30T09:20:51","modified_gmt":"2024-10-30T09:20:51","slug":"nitehog-viper-50-next-visor-termico-clip-on","status":"publish","type":"product","link":"https:\/\/staging.nbg.eu\/es\/producto\/nitehog-viper-50-next-visor-termico-clip-on\/","title":{"rendered":"NiteHog Viper 50 Next Visor T\u00e9rmico Clip-On"},"content":{"rendered":"<h2>NiteHog Viper 50 Next Acoplamiento T\u00e9rmico<\/h2>\n<p>El Viper 50 Next es un dispositivo de acoplamiento compacto y ligero que mejora sus \u00f3pticas.<\/p>\n<h2>Caracter\u00edsticas principales:<\/h2>\n<ul>\n<li>Longitud focal de 50mm para mayor alcance de detecci\u00f3n y reconocimiento<\/li>\n<li>Im\u00e1genes en tiempo real a 60 Hz<\/li>\n<li>Dise\u00f1o ultracompacto con un peso de 295 gramos<\/li>\n<li>F\u00e1cil montaje en cualquier mira \u00f3ptica diurna<\/li>\n<li>Alcance de detecci\u00f3n de hasta 2160 metros<\/li>\n<li>M\u00f3dulo A-Core para calidad de imagen mejorada<\/li>\n<li>Pantalla con resoluci\u00f3n de 1024&#215;768 p\u00edxeles<\/li>\n<li>Certificaci\u00f3n de resistencia al agua IP66<\/li>\n<li>Duraci\u00f3n de bater\u00eda de 5 horas con bater\u00eda est\u00e1ndar 18650<\/li>\n<li>M\u00faltiples modos de imagen: Blanco Caliente, Negro Caliente, Rojo Caliente, Auto Isoterma, Isoterma, Arco\u00edris y Ironbow<\/li>\n<\/ul>\n<p>El Viper 50 Next combina ingenier\u00eda de precisi\u00f3n con tecnolog\u00eda avanzada, asegurando precisi\u00f3n en condiciones dif\u00edciles. Su lente objetivo de germanio y sensor con paso de p\u00edxel de 12 micrones proporcionan una calidad de imagen excepcional, y su interfaz es f\u00e1cil de usar.<\/p>\n<p>El NiteHog Viper 50 Next es una opci\u00f3n para profesionales y entusiastas.<\/p>\n","protected":false},"excerpt":{"rendered":"<p>Dispositivo t\u00e9rmico compacto de acople con lente de 50 mm para detecci\u00f3n de largo alcance.<\/p>\n","protected":false},"featured_media":72043,"template":"","meta":{"_acf_changed":false},"product_brand":[11604],"product_cat":[12255,12210],"product_tag":[],"class_list":{"0":"post-74311","1":"product","2":"type-product","3":"status-publish","4":"has-post-thumbnail","6":"product_brand-nitehog","7":"product_cat-punteria","8":"product_cat-termico","10":"first","11":"instock","12":"taxable","13":"shipping-taxable","14":"purchasable","15":"product-type-simple"},"acf":[],"_links":{"self":[{"href":"https:\/\/staging.nbg.eu\/es\/wp-json\/wp\/v2\/product\/74311","targetHints":{"allow":["GET"]}}],"collection":[{"href":"https:\/\/staging.nbg.eu\/es\/wp-json\/wp\/v2\/product"}],"about":[{"href":"https:\/\/staging.nbg.eu\/es\/wp-json\/wp\/v2\/types\/product"}],"wp:featuredmedia":[{"embeddable":true,"href":"https:\/\/staging.nbg.eu\/es\/wp-json\/wp\/v2\/media\/72043"}],"wp:attachment":[{"href":"https:\/\/staging.nbg.eu\/es\/wp-json\/wp\/v2\/media?parent=74311"}],"wp:term":[{"taxonomy":"product_brand","embeddable":true,"href":"https:\/\/staging.nbg.eu\/es\/wp-json\/wp\/v2\/product_brand?post=74311"},{"taxonomy":"product_cat","embeddable":true,"href":"https:\/\/staging.nbg.eu\/es\/wp-json\/wp\/v2\/product_cat?post=74311"},{"taxonomy":"product_tag","embeddable":true,"href":"https:\/\/staging.nbg.eu\/es\/wp-json\/wp\/v2\/product_tag?post=74311"}],"curies":[{"name":"wp","href":"https:\/\/api.w.org\/{rel}","templated":true}]}}