{"id":74267,"date":"2024-10-18T20:29:49","date_gmt":"2024-10-18T20:29:49","guid":{"rendered":"https:\/\/staging.nbg.eu\/product\/sg-pulse-electronic-level-picatinny-m-lok\/"},"modified":"2024-10-30T09:03:53","modified_gmt":"2024-10-30T09:03:53","slug":"sg-pulse-nivel-electronico-picatinny-m-lok","status":"publish","type":"product","link":"https:\/\/staging.nbg.eu\/es\/producto\/sg-pulse-nivel-electronico-picatinny-m-lok\/","title":{"rendered":"SG PULSE Nivel Electr\u00f3nico PICATINNY + M-LOK"},"content":{"rendered":"<h2>NIVEL ELECTR\u00d3NICO SG PULSE PICATINNY + M-LOK<\/h2>\n<p>El NIVEL ELECTR\u00d3NICO SG PULSE asegura la alineaci\u00f3n vertical, eliminando la desviaci\u00f3n horizontal para tiros precisos. Cuenta con LEDs para retroalimentaci\u00f3n visual perif\u00e9rica y opciones de calibraci\u00f3n personalizada.<\/p>\n<ul>\n<li>Nivel digital anti-inclinaci\u00f3n para alineaci\u00f3n vertical<\/li>\n<li>Modo de estabilidad muestra MOA para temporizaci\u00f3n del disparo<\/li>\n<li>Indicaci\u00f3n de coseno para tiros en pendiente ascendente y descendente<\/li>\n<li>Nivelaci\u00f3n de mira con un toque<\/li>\n<li>Monitoreo de tiempo de transici\u00f3n para an\u00e1lisis de rendimiento<\/li>\n<li>Dise\u00f1o compacto y resistente<\/li>\n<li>Opciones de montaje vers\u00e1tiles (Picatinny y M-LOK)<\/li>\n<\/ul>\n<p>Compatible con la aplicaci\u00f3n Drills para an\u00e1lisis de estabilidad y trayectoria del ca\u00f1\u00f3n. El NIVEL ELECTR\u00d3NICO SG PULSE mejora la precisi\u00f3n del rifle.<\/p>\n","protected":false},"excerpt":{"rendered":"<p>SG PULSE: Nivel electr\u00f3nico de precisi\u00f3n para una alineaci\u00f3n perfecta del rifle.<\/p>\n","protected":false},"featured_media":72671,"template":"","meta":{"_acf_changed":false},"product_brand":[],"product_cat":[12246],"product_tag":[],"class_list":{"0":"post-74267","1":"product","2":"type-product","3":"status-publish","4":"has-post-thumbnail","6":"product_cat-equipo","8":"first","9":"instock","10":"taxable","11":"shipping-taxable","12":"purchasable","13":"product-type-simple"},"acf":[],"_links":{"self":[{"href":"https:\/\/staging.nbg.eu\/es\/wp-json\/wp\/v2\/product\/74267","targetHints":{"allow":["GET"]}}],"collection":[{"href":"https:\/\/staging.nbg.eu\/es\/wp-json\/wp\/v2\/product"}],"about":[{"href":"https:\/\/staging.nbg.eu\/es\/wp-json\/wp\/v2\/types\/product"}],"wp:featuredmedia":[{"embeddable":true,"href":"https:\/\/staging.nbg.eu\/es\/wp-json\/wp\/v2\/media\/72671"}],"wp:attachment":[{"href":"https:\/\/staging.nbg.eu\/es\/wp-json\/wp\/v2\/media?parent=74267"}],"wp:term":[{"taxonomy":"product_brand","embeddable":true,"href":"https:\/\/staging.nbg.eu\/es\/wp-json\/wp\/v2\/product_brand?post=74267"},{"taxonomy":"product_cat","embeddable":true,"href":"https:\/\/staging.nbg.eu\/es\/wp-json\/wp\/v2\/product_cat?post=74267"},{"taxonomy":"product_tag","embeddable":true,"href":"https:\/\/staging.nbg.eu\/es\/wp-json\/wp\/v2\/product_tag?post=74267"}],"curies":[{"name":"wp","href":"https:\/\/api.w.org\/{rel}","templated":true}]}}