{"id":74222,"date":"2024-10-18T20:28:40","date_gmt":"2024-10-30T08:48:56","guid":{"rendered":"https:\/\/staging.nbg.eu\/product\/extractor-l-02-40sw-kmr\/"},"modified":"2024-10-30T08:50:21","modified_gmt":"2024-10-30T08:50:21","slug":"extractor-l-02-40sw-kmr","status":"publish","type":"product","link":"https:\/\/staging.nbg.eu\/es\/producto\/extractor-l-02-40sw-kmr\/","title":{"rendered":"Extractor L-02 .40SW &#8211; KMR"},"content":{"rendered":"<div class=\"product-description\">\n<h2>Extractor L-02 .40SW &#8211; KMR<\/h2>\n<p>Mejore el rendimiento de su pistola KMR L-02 con este extractor. Dise\u00f1ado espec\u00edficamente para el calibre .40 S&amp;W, esta pieza de repuesto asegura una extracci\u00f3n fiable y un funcionamiento suave. Fabricado con materiales resistentes, est\u00e1 hecho para soportar un uso intensivo y mantener una funcionalidad constante. Actualice su arma de fuego con este componente para mejorar la precisi\u00f3n y la fiabilidad.<\/p>\n<\/div>\n","protected":false},"excerpt":{"rendered":"<p>Extractor de precisi\u00f3n para pistola KMR L-02 en calibre 40 S&amp;W.<\/p>\n","protected":false},"featured_media":72601,"template":"","meta":{"_acf_changed":false},"product_brand":[],"product_cat":[12231],"product_tag":[],"class_list":{"0":"post-74222","1":"product","2":"type-product","3":"status-publish","4":"has-post-thumbnail","6":"product_cat-piezas-kmr","8":"first","9":"instock","10":"taxable","11":"shipping-taxable","12":"purchasable","13":"product-type-simple"},"acf":[],"_links":{"self":[{"href":"https:\/\/staging.nbg.eu\/es\/wp-json\/wp\/v2\/product\/74222","targetHints":{"allow":["GET"]}}],"collection":[{"href":"https:\/\/staging.nbg.eu\/es\/wp-json\/wp\/v2\/product"}],"about":[{"href":"https:\/\/staging.nbg.eu\/es\/wp-json\/wp\/v2\/types\/product"}],"wp:featuredmedia":[{"embeddable":true,"href":"https:\/\/staging.nbg.eu\/es\/wp-json\/wp\/v2\/media\/72601"}],"wp:attachment":[{"href":"https:\/\/staging.nbg.eu\/es\/wp-json\/wp\/v2\/media?parent=74222"}],"wp:term":[{"taxonomy":"product_brand","embeddable":true,"href":"https:\/\/staging.nbg.eu\/es\/wp-json\/wp\/v2\/product_brand?post=74222"},{"taxonomy":"product_cat","embeddable":true,"href":"https:\/\/staging.nbg.eu\/es\/wp-json\/wp\/v2\/product_cat?post=74222"},{"taxonomy":"product_tag","embeddable":true,"href":"https:\/\/staging.nbg.eu\/es\/wp-json\/wp\/v2\/product_tag?post=74222"}],"curies":[{"name":"wp","href":"https:\/\/api.w.org\/{rel}","templated":true}]}}