{"id":74178,"date":"2024-10-18T20:15:25","date_gmt":"2024-10-30T08:39:42","guid":{"rendered":"https:\/\/staging.nbg.eu\/product\/nitehog-sight-spot-hog-red-dot\/"},"modified":"2024-10-30T08:41:11","modified_gmt":"2024-10-30T08:41:11","slug":"nitehog-sight-spot-hog-punto-rojo","status":"publish","type":"product","link":"https:\/\/staging.nbg.eu\/es\/producto\/nitehog-sight-spot-hog-punto-rojo\/","title":{"rendered":"NiteHog Sight Spot Hog Punto Rojo"},"content":{"rendered":"<div class=\"product-description\">\n<h2>Mira de Punto Rojo NiteHog Sight Spot Hog<\/h2>\n<p>La mira de punto rojo Spot Hog es un dispositivo \u00f3ptico 1x17x24 que ofrece una vista sin paralaje. Cuenta con un punto de 3MOA con 8 niveles de brillo y 2 configuraciones de visi\u00f3n nocturna, adecuado para diferentes condiciones de iluminaci\u00f3n.<\/p>\n<ul>\n<li>Resistente a impactos y al agua (IPX6)<\/li>\n<li>Compatible con munici\u00f3n 9mm, 45ACP, 12GA y Lapua Magnum 338<\/li>\n<li>Dise\u00f1o delgado y de bajo perfil<\/li>\n<li>Apagado autom\u00e1tico despu\u00e9s de 2 minutos de inactividad<\/li>\n<li>Duraci\u00f3n de bater\u00eda de 50,000 horas en la configuraci\u00f3n m\u00e1s baja (bater\u00eda CR2032, no incluida)<\/li>\n<li>Montaje Weaver para f\u00e1cil instalaci\u00f3n<\/li>\n<\/ul>\n<p>El Spot Hog es compacto y confiable.<\/p>\n<\/div>\n","protected":false},"excerpt":{"rendered":"<p>Mira de punto rojo 1x17x24 duradera y sin paralaje con 8 niveles de intensidad.<\/p>\n","protected":false},"featured_media":72554,"template":"","meta":{"_acf_changed":false},"product_brand":[11604],"product_cat":[12255,12256,12289],"product_tag":[],"class_list":{"0":"post-74178","1":"product","2":"type-product","3":"status-publish","4":"has-post-thumbnail","6":"product_brand-nitehog","7":"product_cat-punteria","8":"product_cat-puntos-rojos","9":"product_cat-puntos-rojos-para-rifle","11":"first","12":"instock","13":"taxable","14":"shipping-taxable","15":"purchasable","16":"product-type-simple"},"acf":[],"_links":{"self":[{"href":"https:\/\/staging.nbg.eu\/es\/wp-json\/wp\/v2\/product\/74178","targetHints":{"allow":["GET"]}}],"collection":[{"href":"https:\/\/staging.nbg.eu\/es\/wp-json\/wp\/v2\/product"}],"about":[{"href":"https:\/\/staging.nbg.eu\/es\/wp-json\/wp\/v2\/types\/product"}],"wp:featuredmedia":[{"embeddable":true,"href":"https:\/\/staging.nbg.eu\/es\/wp-json\/wp\/v2\/media\/72554"}],"wp:attachment":[{"href":"https:\/\/staging.nbg.eu\/es\/wp-json\/wp\/v2\/media?parent=74178"}],"wp:term":[{"taxonomy":"product_brand","embeddable":true,"href":"https:\/\/staging.nbg.eu\/es\/wp-json\/wp\/v2\/product_brand?post=74178"},{"taxonomy":"product_cat","embeddable":true,"href":"https:\/\/staging.nbg.eu\/es\/wp-json\/wp\/v2\/product_cat?post=74178"},{"taxonomy":"product_tag","embeddable":true,"href":"https:\/\/staging.nbg.eu\/es\/wp-json\/wp\/v2\/product_tag?post=74178"}],"curies":[{"name":"wp","href":"https:\/\/api.w.org\/{rel}","templated":true}]}}