{"id":74132,"date":"2024-10-18T19:20:25","date_gmt":"2024-10-29T10:07:22","guid":{"rendered":"https:\/\/staging.nbg.eu\/product\/casio-prw-61y-3er\/"},"modified":"2024-10-29T10:08:45","modified_gmt":"2024-10-29T10:08:45","slug":"casio-prw-61y-3er","status":"publish","type":"product","link":"https:\/\/staging.nbg.eu\/es\/producto\/casio-prw-61y-3er\/","title":{"rendered":"Casio PRW-61Y-3ER"},"content":{"rendered":"<div class=\"product-description\">\n<h2>Casio PRW-61Y-3ER: Reloj para exteriores con materiales ecol\u00f3gicos<\/h2>\n<p>El PRO TREK PRW-61Y-3ER es el primer reloj de Casio que utiliza pl\u00e1sticos de biomasa en su caja y correa. Este reloj combina sostenibilidad con durabilidad, ofreciendo resistencia al uso intensivo y comodidad.<\/p>\n<ul>\n<li>Pl\u00e1sticos de biomasa derivados de semillas de ricino y ma\u00edz<\/li>\n<li>Esfera de alto contraste con \u00edndices blancos para mejor visibilidad<\/li>\n<li>Triple sensor: br\u00fajula digital, bar\u00f3metro\/alt\u00edmetro y term\u00f3metro<\/li>\n<li>Calibraci\u00f3n horaria por radio Multi Band 6<\/li>\n<li>Sistema de energ\u00eda solar<\/li>\n<li>Iluminador con luz LED doble autom\u00e1tica de alta luminosidad<\/li>\n<li>Correa de uretano suave<\/li>\n<li>Bisel de acero inoxidable grabado con c\u00f3digos de ciudades<\/li>\n<li>Dise\u00f1o compacto para movimiento libre de la mu\u00f1eca<\/li>\n<\/ul>\n<p>El PRW-61Y-3ER es adecuado para entusiastas de actividades al aire libre que valoran el rendimiento y la responsabilidad ambiental.<\/p>\n<\/div>\n","protected":false},"excerpt":{"rendered":"<p>\u00abReloj PRO TREK ecol\u00f3gico con pl\u00e1sticos de biomasa y caracter\u00edsticas para exteriores.\u00bb<\/p>\n","protected":false},"featured_media":71881,"template":"","meta":{"_acf_changed":false},"product_brand":[11206],"product_cat":[12269,12245],"product_tag":[],"class_list":{"0":"post-74132","1":"product","2":"type-product","3":"status-publish","4":"has-post-thumbnail","6":"product_brand-casio","7":"product_cat-edc","8":"product_cat-relojes","10":"first","11":"instock","12":"taxable","13":"shipping-taxable","14":"purchasable","15":"product-type-simple"},"acf":[],"_links":{"self":[{"href":"https:\/\/staging.nbg.eu\/es\/wp-json\/wp\/v2\/product\/74132","targetHints":{"allow":["GET"]}}],"collection":[{"href":"https:\/\/staging.nbg.eu\/es\/wp-json\/wp\/v2\/product"}],"about":[{"href":"https:\/\/staging.nbg.eu\/es\/wp-json\/wp\/v2\/types\/product"}],"wp:featuredmedia":[{"embeddable":true,"href":"https:\/\/staging.nbg.eu\/es\/wp-json\/wp\/v2\/media\/71881"}],"wp:attachment":[{"href":"https:\/\/staging.nbg.eu\/es\/wp-json\/wp\/v2\/media?parent=74132"}],"wp:term":[{"taxonomy":"product_brand","embeddable":true,"href":"https:\/\/staging.nbg.eu\/es\/wp-json\/wp\/v2\/product_brand?post=74132"},{"taxonomy":"product_cat","embeddable":true,"href":"https:\/\/staging.nbg.eu\/es\/wp-json\/wp\/v2\/product_cat?post=74132"},{"taxonomy":"product_tag","embeddable":true,"href":"https:\/\/staging.nbg.eu\/es\/wp-json\/wp\/v2\/product_tag?post=74132"}],"curies":[{"name":"wp","href":"https:\/\/api.w.org\/{rel}","templated":true}]}}