{"id":74088,"date":"2024-10-18T18:54:11","date_gmt":"2024-10-29T10:02:36","guid":{"rendered":"https:\/\/staging.nbg.eu\/product\/casio-prg-270-1er\/"},"modified":"2024-10-29T10:04:00","modified_gmt":"2024-10-29T10:04:00","slug":"casio-prg-270-1er","status":"publish","type":"product","link":"https:\/\/staging.nbg.eu\/es\/producto\/casio-prg-270-1er\/","title":{"rendered":"Casio PRG-270-1ER"},"content":{"rendered":"<div class=\"product-description\">\n<h2>Casio PRG-270-1ER: Reloj para actividades al aire libre<\/h2>\n<p>El Casio PRG-270-1ER cuenta con el Triple Sensor Versi\u00f3n 3. Este modelo PRO TREK proporciona lecturas de altitud, presi\u00f3n barom\u00e9trica y direcci\u00f3n.<\/p>\n<ul>\n<li>Energ\u00eda solar<\/li>\n<li>Triple Sensor: Br\u00fajula, Bar\u00f3metro\/Term\u00f3metro, Alt\u00edmetro<\/li>\n<li>Resistente a bajas temperaturas (-10\u00baC\/14\u00baF)<\/li>\n<li>Resistencia al agua de 100 metros<\/li>\n<li>Alarma de tendencia de presi\u00f3n barom\u00e9trica<\/li>\n<li>Botones laterales grandes<\/li>\n<li>Visualizaci\u00f3n de hora de salida\/puesta del sol<\/li>\n<li>Iluminaci\u00f3n autom\u00e1tica para condiciones de poca luz<\/li>\n<\/ul>\n<p>Este reloj est\u00e1 dise\u00f1ado para actividades al aire libre. El Casio PRG-270-1ER es \u00fatil para aventuras en la naturaleza.<\/p>\n<\/div>\n","protected":false},"excerpt":{"rendered":"<p>Reloj resistente para exteriores con Triple Sensor y energ\u00eda solar Tough Solar.<\/p>\n","protected":false},"featured_media":71534,"template":"","meta":{"_acf_changed":false},"product_brand":[11206],"product_cat":[12269,12245],"product_tag":[],"class_list":{"0":"post-74088","1":"product","2":"type-product","3":"status-publish","4":"has-post-thumbnail","6":"product_brand-casio","7":"product_cat-edc","8":"product_cat-relojes","10":"first","11":"instock","12":"taxable","13":"shipping-taxable","14":"purchasable","15":"product-type-simple"},"acf":[],"_links":{"self":[{"href":"https:\/\/staging.nbg.eu\/es\/wp-json\/wp\/v2\/product\/74088","targetHints":{"allow":["GET"]}}],"collection":[{"href":"https:\/\/staging.nbg.eu\/es\/wp-json\/wp\/v2\/product"}],"about":[{"href":"https:\/\/staging.nbg.eu\/es\/wp-json\/wp\/v2\/types\/product"}],"wp:featuredmedia":[{"embeddable":true,"href":"https:\/\/staging.nbg.eu\/es\/wp-json\/wp\/v2\/media\/71534"}],"wp:attachment":[{"href":"https:\/\/staging.nbg.eu\/es\/wp-json\/wp\/v2\/media?parent=74088"}],"wp:term":[{"taxonomy":"product_brand","embeddable":true,"href":"https:\/\/staging.nbg.eu\/es\/wp-json\/wp\/v2\/product_brand?post=74088"},{"taxonomy":"product_cat","embeddable":true,"href":"https:\/\/staging.nbg.eu\/es\/wp-json\/wp\/v2\/product_cat?post=74088"},{"taxonomy":"product_tag","embeddable":true,"href":"https:\/\/staging.nbg.eu\/es\/wp-json\/wp\/v2\/product_tag?post=74088"}],"curies":[{"name":"wp","href":"https:\/\/api.w.org\/{rel}","templated":true}]}}