{"id":74040,"date":"2024-10-16T20:26:30","date_gmt":"2024-10-25T14:30:21","guid":{"rendered":"https:\/\/staging.nbg.eu\/product\/casio-gbdh2000-1aer\/"},"modified":"2024-10-25T14:31:40","modified_gmt":"2024-10-25T14:31:40","slug":"casio-gbdh2000-1aer","status":"publish","type":"product","link":"https:\/\/staging.nbg.eu\/es\/producto\/casio-gbdh2000-1aer\/","title":{"rendered":"Casio GBDH2000-1AER"},"content":{"rendered":"<h2>Casio GBDH2000-1AER: Reloj para seguimiento de actividad f\u00edsica<\/h2>\n<p>El Casio GBDH2000-1AER cuenta con 6 sensores y funci\u00f3n GPS. Este reloj monitorea la actividad f\u00edsica en tiempo real en 8 deportes diferentes, incluyendo correr, ciclismo y nataci\u00f3n.<\/p>\n<ul>\n<li>Registra distancia, velocidad, tiempo, ritmo, frecuencia card\u00edaca y calor\u00edas quemadas<\/li>\n<li>Mide los niveles de ox\u00edgeno en sangre<\/li>\n<li>Dise\u00f1o de marco de doble capa para comodidad y facilidad de uso<\/li>\n<li>Carga asistida por energ\u00eda solar para mayor duraci\u00f3n de la bater\u00eda<\/li>\n<li>Funciones inteligentes incluyen notificaciones y hora mundial para 300 ciudades<\/li>\n<\/ul>\n<p>Fabricado con pl\u00e1sticos de biomasa, el GBDH2000-1AER combina tecnolog\u00eda avanzada con conciencia ambiental. Este reloj es adecuado para atletas y personas interesadas en el seguimiento de su actividad f\u00edsica.<\/p>\n","protected":false},"excerpt":{"rendered":"<p>Reloj deportivo con GPS incorporado, 6 sensores y seguimiento de 8 actividades.<\/p>\n","protected":false},"featured_media":71418,"template":"","meta":{"_acf_changed":false},"product_brand":[11206],"product_cat":[12269,12245],"product_tag":[],"class_list":{"0":"post-74040","1":"product","2":"type-product","3":"status-publish","4":"has-post-thumbnail","6":"product_brand-casio","7":"product_cat-edc","8":"product_cat-relojes","10":"first","11":"instock","12":"taxable","13":"shipping-taxable","14":"purchasable","15":"product-type-simple"},"acf":[],"_links":{"self":[{"href":"https:\/\/staging.nbg.eu\/es\/wp-json\/wp\/v2\/product\/74040","targetHints":{"allow":["GET"]}}],"collection":[{"href":"https:\/\/staging.nbg.eu\/es\/wp-json\/wp\/v2\/product"}],"about":[{"href":"https:\/\/staging.nbg.eu\/es\/wp-json\/wp\/v2\/types\/product"}],"wp:featuredmedia":[{"embeddable":true,"href":"https:\/\/staging.nbg.eu\/es\/wp-json\/wp\/v2\/media\/71418"}],"wp:attachment":[{"href":"https:\/\/staging.nbg.eu\/es\/wp-json\/wp\/v2\/media?parent=74040"}],"wp:term":[{"taxonomy":"product_brand","embeddable":true,"href":"https:\/\/staging.nbg.eu\/es\/wp-json\/wp\/v2\/product_brand?post=74040"},{"taxonomy":"product_cat","embeddable":true,"href":"https:\/\/staging.nbg.eu\/es\/wp-json\/wp\/v2\/product_cat?post=74040"},{"taxonomy":"product_tag","embeddable":true,"href":"https:\/\/staging.nbg.eu\/es\/wp-json\/wp\/v2\/product_tag?post=74040"}],"curies":[{"name":"wp","href":"https:\/\/api.w.org\/{rel}","templated":true}]}}