{"id":74018,"date":"2024-01-30T18:02:27","date_gmt":"2024-01-30T18:02:27","guid":{"rendered":"https:\/\/staging.nbg.eu\/product\/holosun-hs403b\/"},"modified":"2024-10-25T14:26:39","modified_gmt":"2024-10-25T14:26:39","slug":"holosun-hs403b","status":"publish","type":"product","link":"https:\/\/staging.nbg.eu\/es\/producto\/holosun-hs403b\/","title":{"rendered":"Holosun HS403B"},"content":{"rendered":"<div class=\"product-description\">\n<h2>Mira de Punto Rojo Micro Holosun HS403B<\/h2>\n<p>El Holosun HS403B es una mira micro compacta de 20mm para aplicaciones en rifles y carabinas. Caracter\u00edsticas:<\/p>\n<ul>\n<li>LED rojo con 50,000 horas de duraci\u00f3n de bater\u00eda<\/li>\n<li>10 configuraciones de ret\u00edcula para luz diurna y 2 compatibles con visi\u00f3n nocturna<\/li>\n<li>Carcasa de aluminio 6061<\/li>\n<li>Montaje de co-testigo inferior 1\/3 (1.63&#8243;) y montaje bajo (.75&#8243;) incluidos<\/li>\n<li>Tecnolog\u00eda Shake Awake para extender la vida de la bater\u00eda<\/li>\n<li>Botones digitales para ajustes<\/li>\n<li>Cubiertas de goma para protecci\u00f3n de lentes<\/li>\n<li>Bandeja lateral para bater\u00eda 2032 para cambios convenientes<\/li>\n<\/ul>\n<p>Con sus caracter\u00edsticas vers\u00e1tiles y construcci\u00f3n, el HS403B es adecuado para tiradores de todos los niveles. Resistente al agua seg\u00fan est\u00e1ndares IP67 y capaz de soportar 1000G de vibraci\u00f3n, esta mira est\u00e1 dise\u00f1ada para funcionar en cualquier condici\u00f3n.<\/p>\n<\/div>\n","protected":false},"excerpt":{"rendered":"<p>Mira de punto rojo compacta de 20mm con 50.000 horas de duraci\u00f3n de bater\u00eda y montaje vers\u00e1til.<\/p>\n","protected":false},"featured_media":72276,"template":"","meta":{"_acf_changed":false},"product_brand":[11441],"product_cat":[12255,12256,12289],"product_tag":[],"class_list":{"0":"post-74018","1":"product","2":"type-product","3":"status-publish","4":"has-post-thumbnail","6":"product_brand-holosun","7":"product_cat-punteria","8":"product_cat-puntos-rojos","9":"product_cat-puntos-rojos-para-rifle","11":"first","12":"instock","13":"taxable","14":"shipping-taxable","15":"purchasable","16":"product-type-simple"},"acf":[],"_links":{"self":[{"href":"https:\/\/staging.nbg.eu\/es\/wp-json\/wp\/v2\/product\/74018","targetHints":{"allow":["GET"]}}],"collection":[{"href":"https:\/\/staging.nbg.eu\/es\/wp-json\/wp\/v2\/product"}],"about":[{"href":"https:\/\/staging.nbg.eu\/es\/wp-json\/wp\/v2\/types\/product"}],"wp:featuredmedia":[{"embeddable":true,"href":"https:\/\/staging.nbg.eu\/es\/wp-json\/wp\/v2\/media\/72276"}],"wp:attachment":[{"href":"https:\/\/staging.nbg.eu\/es\/wp-json\/wp\/v2\/media?parent=74018"}],"wp:term":[{"taxonomy":"product_brand","embeddable":true,"href":"https:\/\/staging.nbg.eu\/es\/wp-json\/wp\/v2\/product_brand?post=74018"},{"taxonomy":"product_cat","embeddable":true,"href":"https:\/\/staging.nbg.eu\/es\/wp-json\/wp\/v2\/product_cat?post=74018"},{"taxonomy":"product_tag","embeddable":true,"href":"https:\/\/staging.nbg.eu\/es\/wp-json\/wp\/v2\/product_tag?post=74018"}],"curies":[{"name":"wp","href":"https:\/\/api.w.org\/{rel}","templated":true}]}}