{"id":73974,"date":"2024-10-16T20:13:36","date_gmt":"2024-10-25T10:18:06","guid":{"rendered":"https:\/\/staging.nbg.eu\/product\/casio-gbd-800uc-5er\/"},"modified":"2024-10-25T10:19:25","modified_gmt":"2024-10-25T10:19:25","slug":"casio-gbd-800uc-5er","status":"publish","type":"product","link":"https:\/\/staging.nbg.eu\/es\/producto\/casio-gbd-800uc-5er\/","title":{"rendered":"Casio GBD-800UC-5ER"},"content":{"rendered":"<div class=\"product-description\">\n<h2>Casio GBD-800UC-5ER: Reloj para actividad f\u00edsica<\/h2>\n<p>El Casio GBD-800UC-5ER es un reloj con caja y correa de resina, dise\u00f1ado para resistir un estilo de vida activo.<\/p>\n<ul>\n<li>Dimensiones: 54.1 \u00d7 48.6 \u00d7 15.5 mm, peso: 59g<\/li>\n<li>Construcci\u00f3n resistente a golpes<\/li>\n<li>Resistencia al agua hasta 200 metros<\/li>\n<li>Bater\u00eda CR2025 con duraci\u00f3n de 3 a\u00f1os<\/li>\n<li>Contador de pasos con sensor de aceleraci\u00f3n de 3 ejes<\/li>\n<li>Pantalla de progreso de objetivo de pasos y gr\u00e1fico de recuento de pasos de 7 horas<\/li>\n<li>Funci\u00f3n de ahorro de energ\u00eda<\/li>\n<\/ul>\n<p>El GBD-800UC-5ER permite hacer seguimiento de la actividad f\u00edsica.<\/p>\n<\/div>\n","protected":false},"excerpt":{"rendered":"<p>Resistente G-Shock con contador de pasos, resistente al agua hasta 200m, bater\u00eda de 3 a\u00f1os de duraci\u00f3n.<\/p>\n","protected":false},"featured_media":71254,"template":"","meta":{"_acf_changed":false},"product_brand":[11206],"product_cat":[12269,12245],"product_tag":[],"class_list":{"0":"post-73974","1":"product","2":"type-product","3":"status-publish","4":"has-post-thumbnail","6":"product_brand-casio","7":"product_cat-edc","8":"product_cat-relojes","10":"first","11":"instock","12":"taxable","13":"shipping-taxable","14":"purchasable","15":"product-type-simple"},"acf":[],"_links":{"self":[{"href":"https:\/\/staging.nbg.eu\/es\/wp-json\/wp\/v2\/product\/73974","targetHints":{"allow":["GET"]}}],"collection":[{"href":"https:\/\/staging.nbg.eu\/es\/wp-json\/wp\/v2\/product"}],"about":[{"href":"https:\/\/staging.nbg.eu\/es\/wp-json\/wp\/v2\/types\/product"}],"wp:featuredmedia":[{"embeddable":true,"href":"https:\/\/staging.nbg.eu\/es\/wp-json\/wp\/v2\/media\/71254"}],"wp:attachment":[{"href":"https:\/\/staging.nbg.eu\/es\/wp-json\/wp\/v2\/media?parent=73974"}],"wp:term":[{"taxonomy":"product_brand","embeddable":true,"href":"https:\/\/staging.nbg.eu\/es\/wp-json\/wp\/v2\/product_brand?post=73974"},{"taxonomy":"product_cat","embeddable":true,"href":"https:\/\/staging.nbg.eu\/es\/wp-json\/wp\/v2\/product_cat?post=73974"},{"taxonomy":"product_tag","embeddable":true,"href":"https:\/\/staging.nbg.eu\/es\/wp-json\/wp\/v2\/product_tag?post=73974"}],"curies":[{"name":"wp","href":"https:\/\/api.w.org\/{rel}","templated":true}]}}