{"id":73721,"date":"2024-10-16T19:57:17","date_gmt":"2024-10-21T08:18:39","guid":{"rendered":"https:\/\/staging.nbg.eu\/product\/casio-gbd-800-1ber\/"},"modified":"2024-10-21T08:20:05","modified_gmt":"2024-10-21T08:20:05","slug":"casio-gbd-800-1ber","status":"publish","type":"product","link":"https:\/\/staging.nbg.eu\/es\/producto\/casio-gbd-800-1ber\/","title":{"rendered":"Casio GBD-800-1BER"},"content":{"rendered":"<h2>Reloj deportivo Casio GBD-800-1BER G-SQUAD<\/h2>\n<p>El Casio GBD-800-1BER es un reloj deportivo G-SQUAD dise\u00f1ado para atletas y uso diario. Este reloj negro cuenta con:<\/p>\n<ul>\n<li>Pantalla digital de m\u00faltiples segmentos para mejorar la legibilidad<\/li>\n<li>Conectividad Bluetooth con la aplicaci\u00f3n CASIO WATCHES<\/li>\n<li>Aceler\u00f3metro de 3 ejes para contar pasos con precisi\u00f3n<\/li>\n<li>Multi-Temporizador con hasta 20 combinaciones de temporizadores<\/li>\n<li>Memoria de 200 vueltas para seguimiento detallado de entrenamientos<\/li>\n<li>Luz LED autom\u00e1tica para visibilidad en condiciones de poca luz<\/li>\n<li>Ajuste c\u00f3modo con correa ajustable y aletas traseras<\/li>\n<\/ul>\n<p>Con su dise\u00f1o, construcci\u00f3n robusta y capacidades de seguimiento de actividad f\u00edsica, el GBD-800-1BER es un compa\u00f1ero para un estilo de vida activo. Este reloj G-SHOCK ayuda a mantenerse motivado y en camino para alcanzar objetivos de fitness, ya sea en el gimnasio o en la calle.<\/p>\n","protected":false},"excerpt":{"rendered":"<p>Elegante reloj deportivo G-SHOCK con contador de pasos y conectividad a aplicaciones m\u00f3viles.<\/p>\n","protected":false},"featured_media":100964,"template":"","meta":{"_acf_changed":false},"product_brand":[11206],"product_cat":[12269,12245],"product_tag":[],"class_list":{"0":"post-73721","1":"product","2":"type-product","3":"status-publish","4":"has-post-thumbnail","6":"product_brand-casio","7":"product_cat-edc","8":"product_cat-relojes","10":"first","11":"instock","12":"taxable","13":"shipping-taxable","14":"purchasable","15":"product-type-simple"},"acf":[],"_links":{"self":[{"href":"https:\/\/staging.nbg.eu\/es\/wp-json\/wp\/v2\/product\/73721","targetHints":{"allow":["GET"]}}],"collection":[{"href":"https:\/\/staging.nbg.eu\/es\/wp-json\/wp\/v2\/product"}],"about":[{"href":"https:\/\/staging.nbg.eu\/es\/wp-json\/wp\/v2\/types\/product"}],"wp:featuredmedia":[{"embeddable":true,"href":"https:\/\/staging.nbg.eu\/es\/wp-json\/wp\/v2\/media\/100964"}],"wp:attachment":[{"href":"https:\/\/staging.nbg.eu\/es\/wp-json\/wp\/v2\/media?parent=73721"}],"wp:term":[{"taxonomy":"product_brand","embeddable":true,"href":"https:\/\/staging.nbg.eu\/es\/wp-json\/wp\/v2\/product_brand?post=73721"},{"taxonomy":"product_cat","embeddable":true,"href":"https:\/\/staging.nbg.eu\/es\/wp-json\/wp\/v2\/product_cat?post=73721"},{"taxonomy":"product_tag","embeddable":true,"href":"https:\/\/staging.nbg.eu\/es\/wp-json\/wp\/v2\/product_tag?post=73721"}],"curies":[{"name":"wp","href":"https:\/\/api.w.org\/{rel}","templated":true}]}}