{"id":71044,"date":"2024-01-21T15:18:33","date_gmt":"2024-01-21T15:18:33","guid":{"rendered":"https:\/\/staging.nbg.eu\/product\/surefire-123a-batteries\/"},"modified":"2025-02-04T10:27:03","modified_gmt":"2025-02-04T10:27:03","slug":"baterias-surefire-123a","status":"publish","type":"product","link":"https:\/\/staging.nbg.eu\/es\/producto\/baterias-surefire-123a\/","title":{"rendered":"Bater\u00edas SureFire 123A"},"content":{"rendered":"<div class=\"product-description\">\n<h2>SureFire SF72-BB (Bater\u00eda 123A)<\/h2>\n<p>La bater\u00eda de litio 123A de SureFire tiene mejor rendimiento que las alternativas alcalinas. Caracter\u00edsticas:<\/p>\n<ul>\n<li>Vida \u00fatil de 10 a\u00f1os<\/li>\n<li>Voltaje de 3V y capacidad de 1,550 mAh<\/li>\n<li>Peso de 17 gramos<\/li>\n<li>Dise\u00f1ada para linternas SureFire<\/li>\n<\/ul>\n<p>Las bater\u00edas SureFire est\u00e1n listas para usar cuando se necesitan. Son confiables para aplicaciones importantes.<\/p>\n<\/div>\n","protected":false},"excerpt":{"rendered":"<p>Bater\u00edas de litio 123A de alto rendimiento. Vida \u00fatil de 10 a\u00f1os, 3V, 1550mAh.<\/p>\n","protected":false},"featured_media":71045,"template":"","meta":{"_acf_changed":false},"product_brand":[11874],"product_cat":[12218,12269,12270,12238],"product_tag":[],"class_list":{"0":"post-71044","1":"product","2":"type-product","3":"status-publish","4":"has-post-thumbnail","6":"product_brand-surefire","7":"product_cat-baterias","8":"product_cat-edc","9":"product_cat-linternas","10":"product_cat-linternas-edc","12":"first","13":"instock","14":"taxable","15":"shipping-taxable","16":"purchasable","17":"product-type-simple"},"acf":[],"_links":{"self":[{"href":"https:\/\/staging.nbg.eu\/es\/wp-json\/wp\/v2\/product\/71044","targetHints":{"allow":["GET"]}}],"collection":[{"href":"https:\/\/staging.nbg.eu\/es\/wp-json\/wp\/v2\/product"}],"about":[{"href":"https:\/\/staging.nbg.eu\/es\/wp-json\/wp\/v2\/types\/product"}],"wp:featuredmedia":[{"embeddable":true,"href":"https:\/\/staging.nbg.eu\/es\/wp-json\/wp\/v2\/media\/71045"}],"wp:attachment":[{"href":"https:\/\/staging.nbg.eu\/es\/wp-json\/wp\/v2\/media?parent=71044"}],"wp:term":[{"taxonomy":"product_brand","embeddable":true,"href":"https:\/\/staging.nbg.eu\/es\/wp-json\/wp\/v2\/product_brand?post=71044"},{"taxonomy":"product_cat","embeddable":true,"href":"https:\/\/staging.nbg.eu\/es\/wp-json\/wp\/v2\/product_cat?post=71044"},{"taxonomy":"product_tag","embeddable":true,"href":"https:\/\/staging.nbg.eu\/es\/wp-json\/wp\/v2\/product_tag?post=71044"}],"curies":[{"name":"wp","href":"https:\/\/api.w.org\/{rel}","templated":true}]}}