{"id":68520,"date":"2023-11-29T10:10:20","date_gmt":"2024-09-20T12:30:18","guid":{"rendered":"https:\/\/staging.nbg.eu\/product\/geissele-super-duty-mod1-11-5-5-56mm-ddc\/"},"modified":"2024-09-27T10:07:48","modified_gmt":"2024-09-27T10:07:48","slug":"geissele-super-duty-115-556mm-ddc","status":"publish","type":"product","link":"https:\/\/staging.nbg.eu\/es\/producto\/geissele-super-duty-115-556mm-ddc\/","title":{"rendered":"Geissele Super Duty, 11.5&#8243;, 5.56MM-DDC"},"content":{"rendered":"<h2>Pistola Geissele Super Duty &#8211; 11.5&#8243; 5.56MM<\/h2>\n<p>La Geissele Super Duty es una pistola de 11.5&#8243; en calibre 5.56 NATO que combina tecnolog\u00eda avanzada con fabricaci\u00f3n de alta calidad.<\/p>\n<h2>Caracter\u00edsticas principales:<\/h2>\n<ul>\n<li>Ca\u00f1\u00f3n de 11.5&#8243; forjado en fr\u00edo y cromado (paso de 1:7&#8243;)<\/li>\n<li>Fabricada con precisi\u00f3n en la instalaci\u00f3n de Geissele en North Wales, PA<\/li>\n<li>Sistema de gas de longitud carabina con bloque de gas Super Compact<\/li>\n<li>Riel modular SMR MK16 de 10.5&#8243; compatible con M-LOK<\/li>\n<li>Receptor inferior de aluminio 7075-T6 con kit de piezas Ultra Duty<\/li>\n<li>Seguro ambidiestro Super Configurable<\/li>\n<li>Resorte de acci\u00f3n Super-42 y buffer H3<\/li>\n<\/ul>\n<h2>Especificaciones:<\/h2>\n<ul>\n<li>Calibre: 5.56 NATO<\/li>\n<li>Ca\u00f1\u00f3n: Geissele forjado en fr\u00edo, cromado, paso 1\/7<\/li>\n<li>Receptores: Forjados 7075-T6, anodizado duro tipo III<\/li>\n<li>Portacerrojo: REBCG (Grupo de portacerrojo de fiabilidad mejorada)<\/li>\n<li>Gatillo: SSA-X con Lightning Bow<\/li>\n<li>Dispositivo de boca: Supresor de destello Geissele Sparkout<\/li>\n<li>Manija de carga: Airborne<\/li>\n<li>Color: DDC (Color Tierra del Desierto)*<\/li>\n<\/ul>\n<p><em>*Nota: El tono del anodizado DDC puede variar<\/em><\/p>\n<p>La pistola Geissele Super Duty ofrece precisi\u00f3n y fiabilidad en un paquete compacto de alto rendimiento.<\/p>\n","protected":false},"excerpt":{"rendered":"<p>Geissele Super Duty: 11.5&#8243; 5.56MM, tecnolog\u00eda avanzada, fabricaci\u00f3n de precisi\u00f3n.<\/p>\n","protected":false},"featured_media":191263,"template":"","meta":{"_acf_changed":false},"product_brand":[11388],"product_cat":[12276,12264,12279],"product_tag":[],"class_list":{"0":"post-68520","1":"product","2":"type-product","3":"status-publish","4":"has-post-thumbnail","6":"product_brand-geissele","7":"product_cat-carabinas","8":"product_cat-licenciado","9":"product_cat-rifle","11":"first","12":"instock","13":"taxable","14":"shipping-taxable","15":"product-type-simple"},"acf":[],"_links":{"self":[{"href":"https:\/\/staging.nbg.eu\/es\/wp-json\/wp\/v2\/product\/68520","targetHints":{"allow":["GET"]}}],"collection":[{"href":"https:\/\/staging.nbg.eu\/es\/wp-json\/wp\/v2\/product"}],"about":[{"href":"https:\/\/staging.nbg.eu\/es\/wp-json\/wp\/v2\/types\/product"}],"wp:featuredmedia":[{"embeddable":true,"href":"https:\/\/staging.nbg.eu\/es\/wp-json\/wp\/v2\/media\/191263"}],"wp:attachment":[{"href":"https:\/\/staging.nbg.eu\/es\/wp-json\/wp\/v2\/media?parent=68520"}],"wp:term":[{"taxonomy":"product_brand","embeddable":true,"href":"https:\/\/staging.nbg.eu\/es\/wp-json\/wp\/v2\/product_brand?post=68520"},{"taxonomy":"product_cat","embeddable":true,"href":"https:\/\/staging.nbg.eu\/es\/wp-json\/wp\/v2\/product_cat?post=68520"},{"taxonomy":"product_tag","embeddable":true,"href":"https:\/\/staging.nbg.eu\/es\/wp-json\/wp\/v2\/product_tag?post=68520"}],"curies":[{"name":"wp","href":"https:\/\/api.w.org\/{rel}","templated":true}]}}