{"id":68414,"date":"2023-12-10T10:23:45","date_gmt":"2023-12-10T10:23:45","guid":{"rendered":"https:\/\/staging.nbg.eu\/product\/alg-defense-el-jefe-16-5-56mm-black\/"},"modified":"2025-02-07T08:22:21","modified_gmt":"2025-02-07T08:22:21","slug":"alg-defense-el-jefe-16-556mm-negro","status":"publish","type":"product","link":"https:\/\/staging.nbg.eu\/es\/producto\/alg-defense-el-jefe-16-556mm-negro\/","title":{"rendered":"ALG Defense El Jefe, 16&#8243;, 5.56MM &#8211; Negro"},"content":{"rendered":"<h2>ALG Defense El Jefe, 16&#8243;, 5,56MM &#8211; Negro<\/h2>\n<p>El rifle ALG Defense El Jefe es un rifle de especificaciones militares a un precio accesible. Este sistema de rifle completo viene con una correa y una mira de punto rojo Warner &amp; Swasey.<\/p>\n<h2>Caracter\u00edsticas principales:<\/h2>\n<ul>\n<li>Receptores de aluminio 7075, forjados y mecanizados por CNC<\/li>\n<li>Acabado anodizado tipo 3 negro mate<\/li>\n<li>Guardamanos ALG V3X con ranuras M-LOK<\/li>\n<li>Culata B5 Systems SOPMOD<\/li>\n<li>Resorte de buffer trenzado Geissele Super 42 y buffer H1<\/li>\n<li>Grupo de portacerrojo con recubrimiento de cromo duro<\/li>\n<li>Gatillo ALG Defense Advanced Combat Trigger (ACT)<\/li>\n<li>Ca\u00f1\u00f3n estriado por bot\u00f3n, cromado, con rec\u00e1mara 5,56 NATO<\/li>\n<li>Bloque de gas Geissele y tubo de gas de longitud media extendida<\/li>\n<li>Incluye correa de carabina M4 y anillas QD<\/li>\n<li>Mira de punto rojo Warner and Swasey 3 MOA con miras de hierro de respaldo integradas<\/li>\n<\/ul>\n<p>El Jefe combina componentes de calidad y fabricaci\u00f3n experta para ofrecer un rifle fiable, preciso y duradero adecuado para tiro deportivo, fuerzas del orden y defensa del hogar.<\/p>\n","protected":false},"excerpt":{"rendered":"<p>ALG Defense El Jefe: AR-15 de alta calidad en 5,56 mm con caracter\u00edsticas premium.<\/p>\n","protected":false},"featured_media":68415,"template":"","meta":{"_acf_changed":false},"product_brand":[11388],"product_cat":[12276,12279],"product_tag":[],"class_list":{"0":"post-68414","1":"product","2":"type-product","3":"status-publish","4":"has-post-thumbnail","6":"product_brand-geissele","7":"product_cat-carabinas","8":"product_cat-rifle","10":"first","11":"instock","12":"taxable","13":"shipping-taxable","14":"product-type-simple"},"acf":[],"_links":{"self":[{"href":"https:\/\/staging.nbg.eu\/es\/wp-json\/wp\/v2\/product\/68414","targetHints":{"allow":["GET"]}}],"collection":[{"href":"https:\/\/staging.nbg.eu\/es\/wp-json\/wp\/v2\/product"}],"about":[{"href":"https:\/\/staging.nbg.eu\/es\/wp-json\/wp\/v2\/types\/product"}],"wp:featuredmedia":[{"embeddable":true,"href":"https:\/\/staging.nbg.eu\/es\/wp-json\/wp\/v2\/media\/68415"}],"wp:attachment":[{"href":"https:\/\/staging.nbg.eu\/es\/wp-json\/wp\/v2\/media?parent=68414"}],"wp:term":[{"taxonomy":"product_brand","embeddable":true,"href":"https:\/\/staging.nbg.eu\/es\/wp-json\/wp\/v2\/product_brand?post=68414"},{"taxonomy":"product_cat","embeddable":true,"href":"https:\/\/staging.nbg.eu\/es\/wp-json\/wp\/v2\/product_cat?post=68414"},{"taxonomy":"product_tag","embeddable":true,"href":"https:\/\/staging.nbg.eu\/es\/wp-json\/wp\/v2\/product_tag?post=68414"}],"curies":[{"name":"wp","href":"https:\/\/api.w.org\/{rel}","templated":true}]}}