{"id":67993,"date":"2024-01-13T10:41:33","date_gmt":"2024-09-20T12:18:04","guid":{"rendered":"https:\/\/staging.nbg.eu\/product\/surefire-m340dft-pro\/"},"modified":"2024-09-20T12:19:06","modified_gmt":"2024-09-20T12:19:06","slug":"surefire-m340dft-pro","status":"publish","type":"product","link":"https:\/\/staging.nbg.eu\/es\/producto\/surefire-m340dft-pro\/","title":{"rendered":"SureFire M340DFT-PRO"},"content":{"rendered":"<div class=\"product-description\">\n<h2>SureFire M340DFT-PRO Turbo Mini Scout Light Pro<\/h2>\n<p>El M340DFT-PRO incluye:<\/p>\n<ul>\n<li>95,000 candelas de intensidad m\u00e1xima del haz con la bater\u00eda SF18350 incluida<\/li>\n<li>Patr\u00f3n de haz turbo para identificaci\u00f3n de objetivos a larga distancia<\/li>\n<li>Montaje de bajo perfil para un posicionamiento \u00f3ptimo<\/li>\n<li>Capacidad de combustible dual: bater\u00eda recargable SF18350 o bater\u00eda primaria de litio 123A<\/li>\n<li>Durabilidad y opciones de conmutaci\u00f3n remota<\/li>\n<\/ul>\n<p>El reflector de precisi\u00f3n del M340DFT-PRO proporciona un haz concentrado, adecuado para aplicaciones de largo alcance. Fabricado con aluminio aeroespacial y anodizado duro seg\u00fan especificaciones militares, este WeaponLight est\u00e1 dise\u00f1ado para soportar condiciones dif\u00edciles.<\/p>\n<\/div>\n","protected":false},"excerpt":{"rendered":"<p>Linterna compacta y potente para armas con una intensidad m\u00e1xima del haz de 95.000 candelas.<\/p>\n","protected":false},"featured_media":67994,"template":"","meta":{"_acf_changed":false},"product_brand":[11874],"product_cat":[12270,12230,12279],"product_tag":[],"class_list":{"0":"post-67993","1":"product","2":"type-product","3":"status-publish","4":"has-post-thumbnail","6":"product_brand-surefire","7":"product_cat-linternas","8":"product_cat-linternas-para-rifle","9":"product_cat-rifle","11":"first","12":"instock","13":"taxable","14":"shipping-taxable","15":"purchasable","16":"product-type-variable","17":"wvs-archive-product-wrapper"},"acf":[],"_links":{"self":[{"href":"https:\/\/staging.nbg.eu\/es\/wp-json\/wp\/v2\/product\/67993","targetHints":{"allow":["GET"]}}],"collection":[{"href":"https:\/\/staging.nbg.eu\/es\/wp-json\/wp\/v2\/product"}],"about":[{"href":"https:\/\/staging.nbg.eu\/es\/wp-json\/wp\/v2\/types\/product"}],"wp:featuredmedia":[{"embeddable":true,"href":"https:\/\/staging.nbg.eu\/es\/wp-json\/wp\/v2\/media\/67994"}],"wp:attachment":[{"href":"https:\/\/staging.nbg.eu\/es\/wp-json\/wp\/v2\/media?parent=67993"}],"wp:term":[{"taxonomy":"product_brand","embeddable":true,"href":"https:\/\/staging.nbg.eu\/es\/wp-json\/wp\/v2\/product_brand?post=67993"},{"taxonomy":"product_cat","embeddable":true,"href":"https:\/\/staging.nbg.eu\/es\/wp-json\/wp\/v2\/product_cat?post=67993"},{"taxonomy":"product_tag","embeddable":true,"href":"https:\/\/staging.nbg.eu\/es\/wp-json\/wp\/v2\/product_tag?post=67993"}],"curies":[{"name":"wp","href":"https:\/\/api.w.org\/{rel}","templated":true}]}}