{"id":67713,"date":"2024-01-13T11:48:33","date_gmt":"2024-01-13T11:48:33","guid":{"rendered":"https:\/\/staging.nbg.eu\/product\/surefire-m340v-pro\/"},"modified":"2024-09-20T12:16:37","modified_gmt":"2024-09-20T12:16:37","slug":"surefire-m340v-pro","status":"publish","type":"product","link":"https:\/\/staging.nbg.eu\/es\/producto\/surefire-m340v-pro\/","title":{"rendered":"SureFire M340V-PRO"},"content":{"rendered":"<div class=\"product-description\">\n<h2>Mini Scout Light Pro Infrarrojo<\/h2>\n<p>Scout Light Pro de una sola celda. Esta herramienta de iluminaci\u00f3n ofrece:<\/p>\n<ul>\n<li>250 l\u00famenes de luz blanca y 100 mW de salida infrarroja<\/li>\n<li>Patr\u00f3n de haz h\u00edbrido para identificaci\u00f3n y conciencia situacional de medio a largo alcance<\/li>\n<li>Nuevo montaje de bajo perfil para posicionamiento \u00f3ptimo y compatibilidad de accesorios<\/li>\n<li>Cambio f\u00e1cil entre luz blanca, desactivaci\u00f3n e infrarrojo<\/li>\n<li>Construcci\u00f3n de aluminio aeroespacial con anodizado duro seg\u00fan especificaciones militares<\/li>\n<li>Funciona con una bater\u00eda de litio 123A<\/li>\n<li>Compatible con rieles MIL-STD-1913 y M-LOK<\/li>\n<\/ul>\n<p>Dise\u00f1ado para soportar condiciones de combate, este dispositivo compacto proporciona ventajas en escenarios de poca luz.<\/p>\n<\/div>\n","protected":false},"excerpt":{"rendered":"<p>Luz t\u00e1ctica compacta con 250 l\u00famenes de salida blanca y 100 mW de salida infrarroja.<\/p>\n","protected":false},"featured_media":67714,"template":"","meta":{"_acf_changed":false},"product_brand":[11874],"product_cat":[12270,12230,12279],"product_tag":[],"class_list":{"0":"post-67713","1":"product","2":"type-product","3":"status-publish","4":"has-post-thumbnail","6":"product_brand-surefire","7":"product_cat-linternas","8":"product_cat-linternas-para-rifle","9":"product_cat-rifle","11":"first","12":"instock","13":"taxable","14":"shipping-taxable","15":"purchasable","16":"product-type-simple"},"acf":[],"_links":{"self":[{"href":"https:\/\/staging.nbg.eu\/es\/wp-json\/wp\/v2\/product\/67713","targetHints":{"allow":["GET"]}}],"collection":[{"href":"https:\/\/staging.nbg.eu\/es\/wp-json\/wp\/v2\/product"}],"about":[{"href":"https:\/\/staging.nbg.eu\/es\/wp-json\/wp\/v2\/types\/product"}],"wp:featuredmedia":[{"embeddable":true,"href":"https:\/\/staging.nbg.eu\/es\/wp-json\/wp\/v2\/media\/67714"}],"wp:attachment":[{"href":"https:\/\/staging.nbg.eu\/es\/wp-json\/wp\/v2\/media?parent=67713"}],"wp:term":[{"taxonomy":"product_brand","embeddable":true,"href":"https:\/\/staging.nbg.eu\/es\/wp-json\/wp\/v2\/product_brand?post=67713"},{"taxonomy":"product_cat","embeddable":true,"href":"https:\/\/staging.nbg.eu\/es\/wp-json\/wp\/v2\/product_cat?post=67713"},{"taxonomy":"product_tag","embeddable":true,"href":"https:\/\/staging.nbg.eu\/es\/wp-json\/wp\/v2\/product_tag?post=67713"}],"curies":[{"name":"wp","href":"https:\/\/api.w.org\/{rel}","templated":true}]}}