{"id":66701,"date":"2024-01-30T18:10:41","date_gmt":"2024-09-20T11:54:03","guid":{"rendered":"https:\/\/staging.nbg.eu\/product\/surefire-x300t-a\/"},"modified":"2024-09-20T11:55:04","modified_gmt":"2024-09-20T11:55:04","slug":"surefire-x300t-a","status":"publish","type":"product","link":"https:\/\/staging.nbg.eu\/es\/producto\/surefire-x300t-a\/","title":{"rendered":"SureFire X300T-A"},"content":{"rendered":"<div class=\"product-description\">\n<h2>SureFire X300T-A Luz T\u00e1ctica para Armas<\/h2>\n<p>El SureFire X300T-A es una luz t\u00e1ctica dise\u00f1ada para profesionales. Con una intensidad de haz m\u00e1xima de 66,000 candelas y una salida de 650 l\u00famenes, esta luz ofrece:<\/p>\n<ul>\n<li>Patr\u00f3n de haz turbo para identificaci\u00f3n de objetivos a distancias extremas<\/li>\n<li>Sistema de fijaci\u00f3n de palanca para montaje en rieles Universal y Picatinny<\/li>\n<li>Interruptor ambidiestro para activaci\u00f3n<\/li>\n<li>Compatibilidad con fundas X300U-A existentes<\/li>\n<li>Cuerpo de aluminio aeroespacial con acabado anodizado duro Mil-Spec<\/li>\n<li>Clasificaci\u00f3n de impermeabilidad IPX7 (1 metro durante 30 minutos)<\/li>\n<li>1.5 horas de funcionamiento con dos bater\u00edas de litio 123A incluidas<\/li>\n<\/ul>\n<p>El X300T-A puede iluminar objetivos hasta 514 metros de distancia.<\/p>\n<\/div>\n","protected":false},"excerpt":{"rendered":"<p>SureFire X300T-A: Luz t\u00e1ctica de 66,000 candelas para identificaci\u00f3n positiva a larga distancia.<\/p>\n","protected":false},"featured_media":66702,"template":"","meta":{"_acf_changed":false},"product_brand":[11874],"product_cat":[12270,12263,12236],"product_tag":[],"class_list":{"0":"post-66701","1":"product","2":"type-product","3":"status-publish","4":"has-post-thumbnail","6":"product_brand-surefire","7":"product_cat-linternas","8":"product_cat-linternas-para-pistola","9":"product_cat-pistola","11":"first","12":"instock","13":"taxable","14":"shipping-taxable","15":"purchasable","16":"product-type-variable","17":"wvs-archive-product-wrapper"},"acf":[],"_links":{"self":[{"href":"https:\/\/staging.nbg.eu\/es\/wp-json\/wp\/v2\/product\/66701","targetHints":{"allow":["GET"]}}],"collection":[{"href":"https:\/\/staging.nbg.eu\/es\/wp-json\/wp\/v2\/product"}],"about":[{"href":"https:\/\/staging.nbg.eu\/es\/wp-json\/wp\/v2\/types\/product"}],"wp:featuredmedia":[{"embeddable":true,"href":"https:\/\/staging.nbg.eu\/es\/wp-json\/wp\/v2\/media\/66702"}],"wp:attachment":[{"href":"https:\/\/staging.nbg.eu\/es\/wp-json\/wp\/v2\/media?parent=66701"}],"wp:term":[{"taxonomy":"product_brand","embeddable":true,"href":"https:\/\/staging.nbg.eu\/es\/wp-json\/wp\/v2\/product_brand?post=66701"},{"taxonomy":"product_cat","embeddable":true,"href":"https:\/\/staging.nbg.eu\/es\/wp-json\/wp\/v2\/product_cat?post=66701"},{"taxonomy":"product_tag","embeddable":true,"href":"https:\/\/staging.nbg.eu\/es\/wp-json\/wp\/v2\/product_tag?post=66701"}],"curies":[{"name":"wp","href":"https:\/\/api.w.org\/{rel}","templated":true}]}}