{"id":66203,"date":"2024-01-19T18:03:48","date_gmt":"2024-01-19T18:03:48","guid":{"rendered":"https:\/\/staging.nbg.eu\/product\/surefire-sf18350\/"},"modified":"2024-09-20T11:48:00","modified_gmt":"2024-09-20T11:48:00","slug":"surefire-sf18350","status":"publish","type":"product","link":"https:\/\/staging.nbg.eu\/es\/producto\/surefire-sf18350\/","title":{"rendered":"SureFire SF18350"},"content":{"rendered":"<div class=\"product-description\">\n<h2>Bater\u00eda recargable SureFire SF18350<\/h2>\n<p>Alimenta tus herramientas de iluminaci\u00f3n SureFire de 3 voltios de doble combustible con la bater\u00eda recargable SF18350. Caracter\u00edsticas:<\/p>\n<ul>\n<li>3.7 voltios \/ capacidad de 1100 mAh<\/li>\n<li>Carga MICRO-USB para opciones de energ\u00eda vers\u00e1tiles<\/li>\n<li>Dise\u00f1o de iones de litio protegido 18350<\/li>\n<li>Compatible con productos SureFire de doble combustible y alimentados por una sola 123A<\/li>\n<\/ul>\n<p>Incluye cable MICRO-USB a USB para carga desde varias fuentes. No es compatible con productos que no sean de doble combustible.<\/p>\n<\/div>\n","protected":false},"excerpt":{"rendered":"<p>Bater\u00eda recargable 18350: 3.7V, 1100mAh, carga por MICRO-USB.<\/p>\n","protected":false},"featured_media":66204,"template":"","meta":{"_acf_changed":false},"product_brand":[11874],"product_cat":[12218,12270],"product_tag":[],"class_list":{"0":"post-66203","1":"product","2":"type-product","3":"status-publish","4":"has-post-thumbnail","6":"product_brand-surefire","7":"product_cat-baterias","8":"product_cat-linternas","10":"first","11":"instock","12":"taxable","13":"shipping-taxable","14":"purchasable","15":"product-type-simple"},"acf":[],"_links":{"self":[{"href":"https:\/\/staging.nbg.eu\/es\/wp-json\/wp\/v2\/product\/66203","targetHints":{"allow":["GET"]}}],"collection":[{"href":"https:\/\/staging.nbg.eu\/es\/wp-json\/wp\/v2\/product"}],"about":[{"href":"https:\/\/staging.nbg.eu\/es\/wp-json\/wp\/v2\/types\/product"}],"wp:featuredmedia":[{"embeddable":true,"href":"https:\/\/staging.nbg.eu\/es\/wp-json\/wp\/v2\/media\/66204"}],"wp:attachment":[{"href":"https:\/\/staging.nbg.eu\/es\/wp-json\/wp\/v2\/media?parent=66203"}],"wp:term":[{"taxonomy":"product_brand","embeddable":true,"href":"https:\/\/staging.nbg.eu\/es\/wp-json\/wp\/v2\/product_brand?post=66203"},{"taxonomy":"product_cat","embeddable":true,"href":"https:\/\/staging.nbg.eu\/es\/wp-json\/wp\/v2\/product_cat?post=66203"},{"taxonomy":"product_tag","embeddable":true,"href":"https:\/\/staging.nbg.eu\/es\/wp-json\/wp\/v2\/product_tag?post=66203"}],"curies":[{"name":"wp","href":"https:\/\/api.w.org\/{rel}","templated":true}]}}