{"id":66113,"date":"2024-01-21T16:19:01","date_gmt":"2024-09-20T11:39:53","guid":{"rendered":"https:\/\/staging.nbg.eu\/product\/surefire-edc1-dft\/"},"modified":"2024-09-20T11:40:57","modified_gmt":"2024-09-20T11:40:57","slug":"surefire-edc1-dft","status":"publish","type":"product","link":"https:\/\/staging.nbg.eu\/es\/producto\/surefire-edc1-dft\/","title":{"rendered":"SureFire EDC1-DFT"},"content":{"rendered":"<div class=\"product-description\">\n<h2>Linterna SureFire EDC1-DFT Turbo<\/h2>\n<p>La SureFire EDC1-DFT Turbo es una linterna compacta dise\u00f1ada para uso diario. Esta linterna de combustible dual ofrece:<\/p>\n<ul>\n<li>Intensidad m\u00e1xima del haz de 95,000 candelas (con bater\u00eda SF18350 incluida)<\/li>\n<li>Patr\u00f3n de haz turbo para iluminaci\u00f3n concentrada de larga distancia<\/li>\n<li>Tecnolog\u00eda de combustible dual: usa bater\u00eda recargable SF18350 o una bater\u00eda de litio 123A<\/li>\n<li>Cuerpo de aluminio anodizado duro seg\u00fan especificaciones militares<\/li>\n<li>Clasificaci\u00f3n de impermeabilidad IPX7<\/li>\n<\/ul>\n<p>Caracter\u00edsticas principales:<\/p>\n<ul>\n<li>Alta potencia: 650 l\u00famenes (con bater\u00eda 18350)<\/li>\n<li>Tiempo de funcionamiento: 45 minutos en alto (con bater\u00eda 18350)<\/li>\n<li>Longitud: 4.76 pulgadas (12.1 cm)<\/li>\n<li>Peso: 4.56 oz (128.3 g) con bater\u00eda 18350<\/li>\n<li>Clip bidireccional para opciones vers\u00e1tiles de transporte<\/li>\n<\/ul>\n<p>La SureFire EDC1-DFT Turbo es una linterna compacta que proporciona visibilidad en cualquier situaci\u00f3n.<\/p>\n<\/div>\n","protected":false},"excerpt":{"rendered":"<p>Linterna compacta EDC con haz de 95,000 candelas y opciones de doble alimentaci\u00f3n.<\/p>\n","protected":false},"featured_media":66114,"template":"","meta":{"_acf_changed":false},"product_brand":[11874],"product_cat":[12269,12270,12238],"product_tag":[],"class_list":{"0":"post-66113","1":"product","2":"type-product","3":"status-publish","4":"has-post-thumbnail","6":"product_brand-surefire","7":"product_cat-edc","8":"product_cat-linternas","9":"product_cat-linternas-edc","11":"first","12":"instock","13":"taxable","14":"shipping-taxable","15":"purchasable","16":"product-type-variable","17":"wvs-archive-product-wrapper"},"acf":[],"_links":{"self":[{"href":"https:\/\/staging.nbg.eu\/es\/wp-json\/wp\/v2\/product\/66113","targetHints":{"allow":["GET"]}}],"collection":[{"href":"https:\/\/staging.nbg.eu\/es\/wp-json\/wp\/v2\/product"}],"about":[{"href":"https:\/\/staging.nbg.eu\/es\/wp-json\/wp\/v2\/types\/product"}],"wp:featuredmedia":[{"embeddable":true,"href":"https:\/\/staging.nbg.eu\/es\/wp-json\/wp\/v2\/media\/66114"}],"wp:attachment":[{"href":"https:\/\/staging.nbg.eu\/es\/wp-json\/wp\/v2\/media?parent=66113"}],"wp:term":[{"taxonomy":"product_brand","embeddable":true,"href":"https:\/\/staging.nbg.eu\/es\/wp-json\/wp\/v2\/product_brand?post=66113"},{"taxonomy":"product_cat","embeddable":true,"href":"https:\/\/staging.nbg.eu\/es\/wp-json\/wp\/v2\/product_cat?post=66113"},{"taxonomy":"product_tag","embeddable":true,"href":"https:\/\/staging.nbg.eu\/es\/wp-json\/wp\/v2\/product_tag?post=66113"}],"curies":[{"name":"wp","href":"https:\/\/api.w.org\/{rel}","templated":true}]}}