{"id":65875,"date":"2024-01-21T17:29:54","date_gmt":"2024-09-20T11:36:19","guid":{"rendered":"https:\/\/staging.nbg.eu\/product\/surefire-edc2-dft\/"},"modified":"2024-09-20T11:37:20","modified_gmt":"2024-09-20T11:37:20","slug":"surefire-edc2-dft","status":"publish","type":"product","link":"https:\/\/staging.nbg.eu\/es\/producto\/surefire-edc2-dft\/","title":{"rendered":"SureFire EDC2-DFT"},"content":{"rendered":"<h2>SureFire EDC2-DFT: Linterna<\/h2>\n<p>El SureFire EDC2-DFT es una linterna compacta para uso diario. Caracter\u00edsticas:<\/p>\n<ul>\n<li>Intensidad m\u00e1xima del haz de 100,000 candelas (con bater\u00eda SF18650B incluida)<\/li>\n<li>Patr\u00f3n de haz Turbo para iluminaci\u00f3n concentrada y enfocada<\/li>\n<li>Tecnolog\u00eda de combustible dual: usa bater\u00eda recargable SF18650 o dos bater\u00edas de litio 123A<\/li>\n<li>Cuerpo de aluminio anodizado duro seg\u00fan especificaciones militares, cumple con est\u00e1ndares de impermeabilidad IPX7<\/li>\n<li>Salida de 700 l\u00famenes con 2.75 horas de autonom\u00eda (bater\u00eda 18650)<\/li>\n<li>Distancia del haz de 632 metros<\/li>\n<li>Longitud compacta de 5.91 pulgadas, peso de solo 5.6 oz<\/li>\n<\/ul>\n<p>El reflector de la Serie Turbo del EDC2-DFT proporciona el haz de mayor alcance en la l\u00ednea compacta EDC de SureFire. Su construcci\u00f3n resistente y clip vers\u00e1til de dos v\u00edas garantizan fiabilidad en cualquier situaci\u00f3n. El EDC2-DFT es \u00fatil para seguridad personal o uso profesional, ayudando a ver m\u00e1s lejos.<\/p>\n<p>Linterna de calidad, rendimiento y confiabilidad SureFire.<\/p>\n","protected":false},"excerpt":{"rendered":"<p>Linterna compacta y potente con haz de 100,000 candelas y doble fuente de energ\u00eda.<\/p>\n","protected":false},"featured_media":65876,"template":"","meta":{"_acf_changed":false},"product_brand":[11874],"product_cat":[12269,12270,12238],"product_tag":[],"class_list":{"0":"post-65875","1":"product","2":"type-product","3":"status-publish","4":"has-post-thumbnail","6":"product_brand-surefire","7":"product_cat-edc","8":"product_cat-linternas","9":"product_cat-linternas-edc","11":"first","12":"instock","13":"taxable","14":"shipping-taxable","15":"purchasable","16":"product-type-variable","17":"wvs-archive-product-wrapper"},"acf":[],"_links":{"self":[{"href":"https:\/\/staging.nbg.eu\/es\/wp-json\/wp\/v2\/product\/65875","targetHints":{"allow":["GET"]}}],"collection":[{"href":"https:\/\/staging.nbg.eu\/es\/wp-json\/wp\/v2\/product"}],"about":[{"href":"https:\/\/staging.nbg.eu\/es\/wp-json\/wp\/v2\/types\/product"}],"wp:featuredmedia":[{"embeddable":true,"href":"https:\/\/staging.nbg.eu\/es\/wp-json\/wp\/v2\/media\/65876"}],"wp:attachment":[{"href":"https:\/\/staging.nbg.eu\/es\/wp-json\/wp\/v2\/media?parent=65875"}],"wp:term":[{"taxonomy":"product_brand","embeddable":true,"href":"https:\/\/staging.nbg.eu\/es\/wp-json\/wp\/v2\/product_brand?post=65875"},{"taxonomy":"product_cat","embeddable":true,"href":"https:\/\/staging.nbg.eu\/es\/wp-json\/wp\/v2\/product_cat?post=65875"},{"taxonomy":"product_tag","embeddable":true,"href":"https:\/\/staging.nbg.eu\/es\/wp-json\/wp\/v2\/product_tag?post=65875"}],"curies":[{"name":"wp","href":"https:\/\/api.w.org\/{rel}","templated":true}]}}