{"id":65366,"date":"2024-09-19T17:15:31","date_gmt":"2024-09-19T14:15:31","guid":{"rendered":"https:\/\/staging.nbg.eu\/?post_type=product&#038;p=65366"},"modified":"2025-10-20T12:25:37","modified_gmt":"2025-10-20T09:25:37","slug":"funda-clasica-owb-diestra","status":"publish","type":"product","link":"https:\/\/staging.nbg.eu\/es\/producto\/funda-clasica-owb-diestra\/","title":{"rendered":"Funda Cl\u00e1sica OWB Diestra"},"content":{"rendered":"<div class=\"product-description\">\n<h2>Funda RH OWB Classics<\/h2>\n<p>La funda RH OWB Classics combina tradici\u00f3n y funcionalidad para el porte diario. Fabricada con cuero y costura, esta funda para llevar fuera del cintur\u00f3n ofrece:<\/p>\n<ul>\n<li>Construcci\u00f3n resistente para uso prolongado<\/li>\n<li>Ajuste c\u00f3modo para uso durante todo el d\u00eda<\/li>\n<li>Retenci\u00f3n segura para mantener el arma en su lugar<\/li>\n<li>Desenfunde r\u00e1pido y f\u00e1cil<\/li>\n<li>Dise\u00f1o cl\u00e1sico<\/li>\n<\/ul>\n<p>Disponible para diversos modelos de pistolas, la funda RH OWB Classics es adecuada para porte oculto, pr\u00e1ctica en el campo de tiro o porte abierto. Esta funda es confiable y c\u00f3moda.<\/p>\n<\/div>\n","protected":false},"excerpt":{"rendered":"<p>Funda OWB segura y c\u00f3moda para armas de fuego cl\u00e1sicas. Dise\u00f1o duradero.<\/p>\n","protected":false},"featured_media":65462,"template":"","meta":{"_acf_changed":false},"product_brand":[11650],"product_cat":[12233,12271,12220],"product_tag":[],"class_list":{"0":"post-65366","1":"product","2":"type-product","3":"status-publish","4":"has-post-thumbnail","6":"product_brand-rh-holsters","7":"product_cat-funda","8":"product_cat-funda-deportiva","9":"product_cat-funda-tactica","10":"pa_belt-size-40mm-es","11":"pa_light-streamlight-tlr-1","12":"pa_light-surefire-x300-ultra-a-es","13":"pa_light-surefire-x300u","14":"pa_light-without-light-es","15":"pa_model-1911-es","16":"pa_model-beretta-92fs-es","17":"pa_model-beretta-92x-es","18":"pa_model-cz-75-b-es","19":"pa_model-glock-17-es","20":"pa_model-glock-19-17","21":"pa_model-glock-19-23-32-es","22":"pa_model-glock-43x-es","23":"pa_model-hk45-es","24":"pa_model-sig-sauer-p226-bez-railu-es","25":"pa_strong-hand-right-es","27":"first","28":"instock","29":"taxable","30":"shipping-taxable","31":"purchasable","32":"product-type-variable","33":"wvs-archive-product-wrapper"},"acf":[],"_links":{"self":[{"href":"https:\/\/staging.nbg.eu\/es\/wp-json\/wp\/v2\/product\/65366","targetHints":{"allow":["GET"]}}],"collection":[{"href":"https:\/\/staging.nbg.eu\/es\/wp-json\/wp\/v2\/product"}],"about":[{"href":"https:\/\/staging.nbg.eu\/es\/wp-json\/wp\/v2\/types\/product"}],"wp:featuredmedia":[{"embeddable":true,"href":"https:\/\/staging.nbg.eu\/es\/wp-json\/wp\/v2\/media\/65462"}],"wp:attachment":[{"href":"https:\/\/staging.nbg.eu\/es\/wp-json\/wp\/v2\/media?parent=65366"}],"wp:term":[{"taxonomy":"product_brand","embeddable":true,"href":"https:\/\/staging.nbg.eu\/es\/wp-json\/wp\/v2\/product_brand?post=65366"},{"taxonomy":"product_cat","embeddable":true,"href":"https:\/\/staging.nbg.eu\/es\/wp-json\/wp\/v2\/product_cat?post=65366"},{"taxonomy":"product_tag","embeddable":true,"href":"https:\/\/staging.nbg.eu\/es\/wp-json\/wp\/v2\/product_tag?post=65366"}],"curies":[{"name":"wp","href":"https:\/\/api.w.org\/{rel}","templated":true}]}}