{"id":63371,"date":"2024-01-23T19:37:48","date_gmt":"2024-09-16T13:09:56","guid":{"rendered":"https:\/\/staging.nbg.eu\/product\/iosso-firearms-parts-cleaner-degreaser-37l\/"},"modified":"2024-09-16T13:10:55","modified_gmt":"2024-09-16T13:10:55","slug":"limpiador-de-piezas-de-armas-de-fuego-iosso-desengrasante-37l","status":"publish","type":"product","link":"https:\/\/staging.nbg.eu\/es\/producto\/limpiador-de-piezas-de-armas-de-fuego-iosso-desengrasante-37l\/","title":{"rendered":"Limpiador de Piezas de Armas de Fuego Iosso (Desengrasante, 3,7L)"},"content":{"rendered":"<p>\nLimpiador de piezas de armas de fuego Iosso: Un desengrasante ecol\u00f3gico para armas de fuego. Este limpiador biodegradable y de base biol\u00f3gica elimina la suciedad, el carbono, la grasa y los residuos. Es seguro para m\u00e1quinas ultras\u00f3nicas, tiene bajo contenido de COV y est\u00e1 hecho de extractos naturales de plantas. Se puede rociar, sumergir o limpiar con un pa\u00f1o para una limpieza eficaz que es segura para el usuario y el medio ambiente.<\/p>\n","protected":false},"excerpt":{"rendered":"<p>Desengrasante ecol\u00f3gico y potente para una limpieza exhaustiva de piezas de armas.<\/p>\n","protected":false},"featured_media":102537,"template":"","meta":{"_acf_changed":false},"product_brand":[11484],"product_cat":[12274,12260],"product_tag":[],"class_list":{"0":"post-63371","1":"product","2":"type-product","3":"status-publish","4":"has-post-thumbnail","6":"product_brand-iosso","7":"product_cat-limpiadores","8":"product_cat-limpieza-de-armas","10":"first","11":"instock","12":"taxable","13":"shipping-taxable","14":"purchasable","15":"product-type-simple"},"acf":[],"_links":{"self":[{"href":"https:\/\/staging.nbg.eu\/es\/wp-json\/wp\/v2\/product\/63371","targetHints":{"allow":["GET"]}}],"collection":[{"href":"https:\/\/staging.nbg.eu\/es\/wp-json\/wp\/v2\/product"}],"about":[{"href":"https:\/\/staging.nbg.eu\/es\/wp-json\/wp\/v2\/types\/product"}],"wp:featuredmedia":[{"embeddable":true,"href":"https:\/\/staging.nbg.eu\/es\/wp-json\/wp\/v2\/media\/102537"}],"wp:attachment":[{"href":"https:\/\/staging.nbg.eu\/es\/wp-json\/wp\/v2\/media?parent=63371"}],"wp:term":[{"taxonomy":"product_brand","embeddable":true,"href":"https:\/\/staging.nbg.eu\/es\/wp-json\/wp\/v2\/product_brand?post=63371"},{"taxonomy":"product_cat","embeddable":true,"href":"https:\/\/staging.nbg.eu\/es\/wp-json\/wp\/v2\/product_cat?post=63371"},{"taxonomy":"product_tag","embeddable":true,"href":"https:\/\/staging.nbg.eu\/es\/wp-json\/wp\/v2\/product_tag?post=63371"}],"curies":[{"name":"wp","href":"https:\/\/api.w.org\/{rel}","templated":true}]}}