{"id":63263,"date":"2024-01-23T19:51:36","date_gmt":"2024-09-16T13:03:27","guid":{"rendered":"https:\/\/staging.nbg.eu\/product\/iosso-sizing-lubricant-and-cleaner\/"},"modified":"2024-09-16T13:04:27","modified_gmt":"2024-09-16T13:04:27","slug":"lubricante-y-limpiador-de-calibrado-iosso","status":"publish","type":"product","link":"https:\/\/staging.nbg.eu\/es\/producto\/lubricante-y-limpiador-de-calibrado-iosso\/","title":{"rendered":"Lubricante y Limpiador de Calibrado Iosso"},"content":{"rendered":"<p>\nLubricante y limpiador de calibraci\u00f3n Iosso: Una soluci\u00f3n de base biol\u00f3gica para el dimensionamiento de vainas. Este producto de 4 oz limpia y lubrica, evitando que las vainas se atasquen y prolongando la vida \u00fatil de las matrices. F\u00e1cil de usar, no deja residuos ni olor. Soluble en agua, biodegradable y no inflamable. Inhibe la corrosi\u00f3n y el \u00f3xido. Simplemente cubra las vainas, dimensione, luego limpie o enjuague antes de recargar.<\/p>\n","protected":false},"excerpt":{"rendered":"<p>Limpiador y lubricante de base biol\u00f3gica para un dimensionamiento m\u00e1s suave y troqueles de mayor duraci\u00f3n.<\/p>\n","protected":false},"featured_media":107671,"template":"","meta":{"_acf_changed":false},"product_brand":[11484],"product_cat":[12274,12275],"product_tag":[],"class_list":{"0":"post-63263","1":"product","2":"type-product","3":"status-publish","4":"has-post-thumbnail","6":"product_brand-iosso","7":"product_cat-limpiadores","8":"product_cat-recarga","10":"first","11":"instock","12":"taxable","13":"shipping-taxable","14":"purchasable","15":"product-type-variable","16":"wvs-archive-product-wrapper"},"acf":[],"_links":{"self":[{"href":"https:\/\/staging.nbg.eu\/es\/wp-json\/wp\/v2\/product\/63263","targetHints":{"allow":["GET"]}}],"collection":[{"href":"https:\/\/staging.nbg.eu\/es\/wp-json\/wp\/v2\/product"}],"about":[{"href":"https:\/\/staging.nbg.eu\/es\/wp-json\/wp\/v2\/types\/product"}],"wp:featuredmedia":[{"embeddable":true,"href":"https:\/\/staging.nbg.eu\/es\/wp-json\/wp\/v2\/media\/107671"}],"wp:attachment":[{"href":"https:\/\/staging.nbg.eu\/es\/wp-json\/wp\/v2\/media?parent=63263"}],"wp:term":[{"taxonomy":"product_brand","embeddable":true,"href":"https:\/\/staging.nbg.eu\/es\/wp-json\/wp\/v2\/product_brand?post=63263"},{"taxonomy":"product_cat","embeddable":true,"href":"https:\/\/staging.nbg.eu\/es\/wp-json\/wp\/v2\/product_cat?post=63263"},{"taxonomy":"product_tag","embeddable":true,"href":"https:\/\/staging.nbg.eu\/es\/wp-json\/wp\/v2\/product_tag?post=63263"}],"curies":[{"name":"wp","href":"https:\/\/api.w.org\/{rel}","templated":true}]}}