{"id":63197,"date":"2024-01-24T09:44:05","date_gmt":"2024-09-16T13:01:01","guid":{"rendered":"https:\/\/staging.nbg.eu\/product\/iosso-triple-action-oil-solution\/"},"modified":"2024-09-16T13:02:04","modified_gmt":"2024-09-16T13:02:04","slug":"solucion-de-aceite-de-triple-accion-iosso","status":"publish","type":"product","link":"https:\/\/staging.nbg.eu\/es\/producto\/solucion-de-aceite-de-triple-accion-iosso\/","title":{"rendered":"Soluci\u00f3n de Aceite de Triple Acci\u00f3n Iosso"},"content":{"rendered":"<p>\nSoluci\u00f3n de aceite Iosso de triple acci\u00f3n: Limpia, lubrica y protege sus armas de fuego con esta f\u00f3rmula biodegradable a base de plantas. Penetra para aflojar p\u00f3lvora, carb\u00f3n y tacos de pl\u00e1stico. Lubricante para piezas e inhibidor de corrosi\u00f3n. Funciona en temperaturas extremas hasta -74F(-65C). Ecol\u00f3gico y eficaz para la limpieza del ca\u00f1\u00f3n y el mantenimiento de armas.<\/p>\n","protected":false},"excerpt":{"rendered":"<p>El aceite ecol\u00f3gico limpia, lubrica y protege las armas de fuego de manera efectiva.<\/p>\n","protected":false},"featured_media":107625,"template":"","meta":{"_acf_changed":false},"product_brand":[11484],"product_cat":[12274,12260,12248],"product_tag":[],"class_list":{"0":"post-63197","1":"product","2":"type-product","3":"status-publish","4":"has-post-thumbnail","6":"product_brand-iosso","7":"product_cat-limpiadores","8":"product_cat-limpieza-de-armas","9":"product_cat-lubricantes","11":"first","12":"instock","13":"taxable","14":"shipping-taxable","15":"purchasable","16":"product-type-variable","17":"wvs-archive-product-wrapper"},"acf":[],"_links":{"self":[{"href":"https:\/\/staging.nbg.eu\/es\/wp-json\/wp\/v2\/product\/63197","targetHints":{"allow":["GET"]}}],"collection":[{"href":"https:\/\/staging.nbg.eu\/es\/wp-json\/wp\/v2\/product"}],"about":[{"href":"https:\/\/staging.nbg.eu\/es\/wp-json\/wp\/v2\/types\/product"}],"wp:featuredmedia":[{"embeddable":true,"href":"https:\/\/staging.nbg.eu\/es\/wp-json\/wp\/v2\/media\/107625"}],"wp:attachment":[{"href":"https:\/\/staging.nbg.eu\/es\/wp-json\/wp\/v2\/media?parent=63197"}],"wp:term":[{"taxonomy":"product_brand","embeddable":true,"href":"https:\/\/staging.nbg.eu\/es\/wp-json\/wp\/v2\/product_brand?post=63197"},{"taxonomy":"product_cat","embeddable":true,"href":"https:\/\/staging.nbg.eu\/es\/wp-json\/wp\/v2\/product_cat?post=63197"},{"taxonomy":"product_tag","embeddable":true,"href":"https:\/\/staging.nbg.eu\/es\/wp-json\/wp\/v2\/product_tag?post=63197"}],"curies":[{"name":"wp","href":"https:\/\/api.w.org\/{rel}","templated":true}]}}