{"id":63073,"date":"2024-01-24T18:50:37","date_gmt":"2024-01-24T18:50:37","guid":{"rendered":"https:\/\/staging.nbg.eu\/product\/iosso-cleaning-brush-2-sided-2-pk\/"},"modified":"2024-09-16T12:54:49","modified_gmt":"2024-09-16T12:54:49","slug":"cepillo-de-limpieza-de-doble-cara-iosso-2paquete","status":"publish","type":"product","link":"https:\/\/staging.nbg.eu\/es\/producto\/cepillo-de-limpieza-de-doble-cara-iosso-2paquete\/","title":{"rendered":"Cepillo de Limpieza de Doble Cara Iosso &#8211; 2\/paquete"},"content":{"rendered":"<p>\nEl cepillo de limpieza Iosso de 2 lados &#8211; 2 unidades por paquete tiene cerdas de nylon resistentes para una limpieza efectiva. Cada paquete incluye dos cepillos con un lado ancho y largo y un lado estrecho. Se puede usar con el aceite de triple acci\u00f3n Iosso, limpiador de ca\u00f1\u00f3n o pulidor de metales. Es adecuado para eliminar residuos de carb\u00f3n y p\u00f3lvora en armas de fuego o aplicaciones industriales.<\/p>\n","protected":false},"excerpt":{"rendered":"<p>Cepillo de nylon de doble cara para una limpieza vers\u00e1til. Paquete de 2.<\/p>\n","protected":false},"featured_media":63074,"template":"","meta":{"_acf_changed":false},"product_brand":[11484],"product_cat":[12287,12260],"product_tag":[],"class_list":{"0":"post-63073","1":"product","2":"type-product","3":"status-publish","4":"has-post-thumbnail","6":"product_brand-iosso","7":"product_cat-cepillos","8":"product_cat-limpieza-de-armas","10":"first","11":"instock","12":"taxable","13":"shipping-taxable","14":"purchasable","15":"product-type-simple"},"acf":[],"_links":{"self":[{"href":"https:\/\/staging.nbg.eu\/es\/wp-json\/wp\/v2\/product\/63073","targetHints":{"allow":["GET"]}}],"collection":[{"href":"https:\/\/staging.nbg.eu\/es\/wp-json\/wp\/v2\/product"}],"about":[{"href":"https:\/\/staging.nbg.eu\/es\/wp-json\/wp\/v2\/types\/product"}],"wp:featuredmedia":[{"embeddable":true,"href":"https:\/\/staging.nbg.eu\/es\/wp-json\/wp\/v2\/media\/63074"}],"wp:attachment":[{"href":"https:\/\/staging.nbg.eu\/es\/wp-json\/wp\/v2\/media?parent=63073"}],"wp:term":[{"taxonomy":"product_brand","embeddable":true,"href":"https:\/\/staging.nbg.eu\/es\/wp-json\/wp\/v2\/product_brand?post=63073"},{"taxonomy":"product_cat","embeddable":true,"href":"https:\/\/staging.nbg.eu\/es\/wp-json\/wp\/v2\/product_cat?post=63073"},{"taxonomy":"product_tag","embeddable":true,"href":"https:\/\/staging.nbg.eu\/es\/wp-json\/wp\/v2\/product_tag?post=63073"}],"curies":[{"name":"wp","href":"https:\/\/api.w.org\/{rel}","templated":true}]}}