{"id":62567,"date":"2024-02-13T19:59:19","date_gmt":"2024-09-16T11:57:34","guid":{"rendered":"https:\/\/staging.nbg.eu\/product\/geissele-chf-chrome-lined-barrel-5-56-12-5\/"},"modified":"2024-09-16T11:58:38","modified_gmt":"2024-09-16T11:58:38","slug":"geissele-chf-canon-cromado-556-125","status":"publish","type":"product","link":"https:\/\/staging.nbg.eu\/es\/producto\/geissele-chf-canon-cromado-556-125\/","title":{"rendered":"Geissele CHF, Ca\u00f1\u00f3n Cromado, 5.56 &#8211; 12.5&#8243;"},"content":{"rendered":"<div class=\"product-description\">\n<h2>Ca\u00f1\u00f3n Geissele CHF Cromado &#8211; 5.56<\/h2>\n<p>El ca\u00f1\u00f3n Geissele CHF cromado en 5.56 NATO est\u00e1 fabricado en North Wales, PA, combinando tecnolog\u00eda y artesan\u00eda.<\/p>\n<ul>\n<li>Forjado en fr\u00edo (CHF) para mayor resistencia y durabilidad<\/li>\n<li>Cromado para mayor resistencia a la corrosi\u00f3n y f\u00e1cil limpieza<\/li>\n<li>Probado a alta presi\u00f3n (HPT) e inspeccionado por part\u00edculas magn\u00e9ticas (MPI) para asegurar la calidad<\/li>\n<li>Adecuado para armas de servicio, competici\u00f3n y otros usos<\/li>\n<li>Mecanizado de precisi\u00f3n con materiales de calidad para consistencia y exactitud<\/li>\n<\/ul>\n<p>Elija Geissele para un rendimiento en cualquier situaci\u00f3n.<\/p>\n<\/div>\n","protected":false},"excerpt":{"rendered":"<p>Ca\u00f1\u00f3n de 5.56 forjado con precisi\u00f3n. Probado con HPT\/MPI para garantizar fiabilidad.<\/p>\n","protected":false},"featured_media":62568,"template":"","meta":{"_acf_changed":false},"product_brand":[11388],"product_cat":[12228,12253,12276,12279],"product_tag":[],"class_list":{"0":"post-62567","1":"product","2":"type-product","3":"status-publish","4":"has-post-thumbnail","6":"product_brand-geissele","7":"product_cat-ajuste-de-rifle","8":"product_cat-canones","9":"product_cat-carabinas","10":"product_cat-rifle","12":"first","13":"instock","14":"taxable","15":"shipping-taxable","16":"product-type-simple"},"acf":[],"_links":{"self":[{"href":"https:\/\/staging.nbg.eu\/es\/wp-json\/wp\/v2\/product\/62567","targetHints":{"allow":["GET"]}}],"collection":[{"href":"https:\/\/staging.nbg.eu\/es\/wp-json\/wp\/v2\/product"}],"about":[{"href":"https:\/\/staging.nbg.eu\/es\/wp-json\/wp\/v2\/types\/product"}],"wp:featuredmedia":[{"embeddable":true,"href":"https:\/\/staging.nbg.eu\/es\/wp-json\/wp\/v2\/media\/62568"}],"wp:attachment":[{"href":"https:\/\/staging.nbg.eu\/es\/wp-json\/wp\/v2\/media?parent=62567"}],"wp:term":[{"taxonomy":"product_brand","embeddable":true,"href":"https:\/\/staging.nbg.eu\/es\/wp-json\/wp\/v2\/product_brand?post=62567"},{"taxonomy":"product_cat","embeddable":true,"href":"https:\/\/staging.nbg.eu\/es\/wp-json\/wp\/v2\/product_cat?post=62567"},{"taxonomy":"product_tag","embeddable":true,"href":"https:\/\/staging.nbg.eu\/es\/wp-json\/wp\/v2\/product_tag?post=62567"}],"curies":[{"name":"wp","href":"https:\/\/api.w.org\/{rel}","templated":true}]}}