{"id":62136,"date":"2024-02-14T07:32:28","date_gmt":"2024-09-16T11:41:50","guid":{"rendered":"https:\/\/staging.nbg.eu\/product\/geissele-ssa-x-trigger-with-lightning-bow\/"},"modified":"2024-09-16T11:42:51","modified_gmt":"2024-09-16T11:42:51","slug":"geissele-ssa-x-disparador-con-lightning-bow","status":"publish","type":"product","link":"https:\/\/staging.nbg.eu\/es\/producto\/geissele-ssa-x-disparador-con-lightning-bow\/","title":{"rendered":"Geissele SSA X Disparador con Lightning Bow\u00ae"},"content":{"rendered":"<div class=\"product-description\">\n<h2>Gatillo Geissele SSA X con Lightning Bow\u00ae<\/h2>\n<p>El SSA-X con tecnolog\u00eda Lightning Bow\u00ae ofrece control del gatillo. Este gatillo combina:<\/p>\n<ul>\n<li>Perfil semi-curvo y ancho<\/li>\n<li>Caracter\u00edsticas de gatillos AR curvos est\u00e1ndar y dise\u00f1os de arco plano<\/li>\n<li>Revestimiento Nanoweapon para resistencia al desgaste y la corrosi\u00f3n<\/li>\n<li>Funcionamiento con m\u00ednima lubricaci\u00f3n<\/li>\n<\/ul>\n<p>Siguiendo la tradici\u00f3n del SSA, este gatillo clasificado para servicio ofrece:<\/p>\n<ul>\n<li>Precisi\u00f3n para disparos de largo alcance<\/li>\n<li>Margen para escenarios de combate cercano (CQB)<\/li>\n<\/ul>\n<p>El Gatillo Geissele SSA X combina innovaci\u00f3n y fiabilidad para AR.<\/p>\n<\/div>\n","protected":false},"excerpt":{"rendered":"<p>Gatillo AR de ingenier\u00eda de precisi\u00f3n con arco h\u00edbrido para un control y durabilidad supremos.<\/p>\n","protected":false},"featured_media":62137,"template":"","meta":{"_acf_changed":false},"product_brand":[11388],"product_cat":[12228,12216,12279],"product_tag":[],"class_list":{"0":"post-62136","1":"product","2":"type-product","3":"status-publish","4":"has-post-thumbnail","6":"product_brand-geissele","7":"product_cat-ajuste-de-rifle","8":"product_cat-gatillos","9":"product_cat-rifle","11":"first","12":"instock","13":"taxable","14":"shipping-taxable","15":"product-type-simple"},"acf":[],"_links":{"self":[{"href":"https:\/\/staging.nbg.eu\/es\/wp-json\/wp\/v2\/product\/62136","targetHints":{"allow":["GET"]}}],"collection":[{"href":"https:\/\/staging.nbg.eu\/es\/wp-json\/wp\/v2\/product"}],"about":[{"href":"https:\/\/staging.nbg.eu\/es\/wp-json\/wp\/v2\/types\/product"}],"wp:featuredmedia":[{"embeddable":true,"href":"https:\/\/staging.nbg.eu\/es\/wp-json\/wp\/v2\/media\/62137"}],"wp:attachment":[{"href":"https:\/\/staging.nbg.eu\/es\/wp-json\/wp\/v2\/media?parent=62136"}],"wp:term":[{"taxonomy":"product_brand","embeddable":true,"href":"https:\/\/staging.nbg.eu\/es\/wp-json\/wp\/v2\/product_brand?post=62136"},{"taxonomy":"product_cat","embeddable":true,"href":"https:\/\/staging.nbg.eu\/es\/wp-json\/wp\/v2\/product_cat?post=62136"},{"taxonomy":"product_tag","embeddable":true,"href":"https:\/\/staging.nbg.eu\/es\/wp-json\/wp\/v2\/product_tag?post=62136"}],"curies":[{"name":"wp","href":"https:\/\/api.w.org\/{rel}","templated":true}]}}