{"id":61405,"date":"2024-02-14T20:22:23","date_gmt":"2024-09-16T10:48:45","guid":{"rendered":"https:\/\/staging.nbg.eu\/product\/geissele-15-super-modular-rail-mk16-m-lok\/"},"modified":"2024-09-16T10:49:49","modified_gmt":"2024-09-16T10:49:49","slug":"geissele-15-riel-super-modular-mk16-m-lok","status":"publish","type":"product","link":"https:\/\/staging.nbg.eu\/es\/producto\/geissele-15-riel-super-modular-mk16-m-lok\/","title":{"rendered":"Geissele 15&#8243; Riel Super Modular MK16 M-LOK\u00ae"},"content":{"rendered":"<h2 style=\"text-align: center\"><strong>Riel Super Modular MK16 M-LOK\u00ae de 15\u2033<\/strong><\/h2>\n<p>El Riel Super Modular MK16 de Geissele se monta en la parte superior del AR-15 utilizando la versi\u00f3n actualizada del dise\u00f1o de tuerca de ca\u00f1\u00f3n Geissele. El MK16 es f\u00e1cil de instalar y mantener, y ofrece rigidez superior. Las pesta\u00f1as antirrotaci\u00f3n y los tornillos de fijaci\u00f3n aseguran que el riel no gire. Tiene un riel picatinny M1913 en la parte superior y ranuras M-LOK\u2122 en todos los cuadrantes. El SMR MK16 de Geissele est\u00e1 fabricado con precisi\u00f3n en aluminio de la serie 7000 y tiene un acabado anodizado duro Tipo 3.<\/p>\n<p>El Riel Super Modular de 13.5&#8243; (SMR) MK16 M-LOK\u00ae, NSN# 1005-01-672-4794 (13.5&#8243;), ha sido adoptado por USASOC para el programa URG-I (Grupo de Receptor Superior Mejorado).<\/p>\n<h2 style=\"text-align: center\"><strong>ESPECIFICACIONES<\/strong><\/h2>\n<hr \/>\n<table border=\"1\">\n<tbody>\n<tr>\n<td><strong>ALTURA: <\/strong><\/td>\n<td> 2.39&#8243;<\/td>\n<\/tr>\n<tr>\n<td><strong>COLOR: <\/strong><\/td>\n<td> Negro, DDC, Gris, ODG<\/td>\n<\/tr>\n<tr>\n<td><strong>MATERIAL: <\/strong><\/td>\n<td> Aluminio Serie 7000<\/td>\n<\/tr>\n<tr>\n<td><strong>ACABADO: <\/strong><\/td>\n<td> Anodizado duro Tipo 3<\/td>\n<\/tr>\n<tr>\n<td><strong>LONGITUDES DISPONIBLES: <\/strong><\/td>\n<td> 9.3&#8243;, 10.5&#8243;, 13.5&#8243;<\/td>\n<\/tr>\n<tr>\n<td><strong>DI\u00c1METRO INTERNO: <\/strong><\/td>\n<td> 1.26&#8243;<\/td>\n<\/tr>\n<tr>\n<td><strong>DI\u00c1METRO EXTERNO (DAC*): <\/strong><\/td>\n<td> 1.59&#8243;<\/td>\n<\/tr>\n<tr>\n<td><strong>PESO SMR MK16 9.3&#8243;: <\/strong><\/td>\n<td> 10.1oz (11.74oz con tuerca de ca\u00f1\u00f3n)<\/td>\n<\/tr>\n<tr>\n<td><strong>PESO SMR MK16 10.5&#8243;: <\/strong><\/td>\n<td> 11oz (12.6oz con tuerca de ca\u00f1\u00f3n)<\/td>\n<\/tr>\n<tr>\n<td><strong>PESO SMR MK16 13.5&#8243;: <\/strong><\/td>\n<td> 13.4oz (14.9oz con tuerca de ca\u00f1\u00f3n)<\/td>\n<\/tr>\n<\/tbody>\n<\/table>\n<p><em>*DAC &#8211; Distancia A trav\u00e9s de Cuadrantes<\/em><\/p>\n","protected":false},"excerpt":{"rendered":"<p><strong>Rendimiento Inigualable Para Los Tiradores M\u00e1s Exigentes<\/strong><\/p>\n","protected":false},"featured_media":61406,"template":"","meta":{"_acf_changed":false},"product_brand":[11388],"product_cat":[12228,12276,12227,12279],"product_tag":[],"class_list":{"0":"post-61405","1":"product","2":"type-product","3":"status-publish","4":"has-post-thumbnail","6":"product_brand-geissele","7":"product_cat-ajuste-de-rifle","8":"product_cat-carabinas","9":"product_cat-rieles","10":"product_cat-rifle","12":"first","13":"instock","14":"taxable","15":"shipping-taxable","16":"product-type-variable","17":"wvs-archive-product-wrapper"},"acf":[],"_links":{"self":[{"href":"https:\/\/staging.nbg.eu\/es\/wp-json\/wp\/v2\/product\/61405","targetHints":{"allow":["GET"]}}],"collection":[{"href":"https:\/\/staging.nbg.eu\/es\/wp-json\/wp\/v2\/product"}],"about":[{"href":"https:\/\/staging.nbg.eu\/es\/wp-json\/wp\/v2\/types\/product"}],"wp:featuredmedia":[{"embeddable":true,"href":"https:\/\/staging.nbg.eu\/es\/wp-json\/wp\/v2\/media\/61406"}],"wp:attachment":[{"href":"https:\/\/staging.nbg.eu\/es\/wp-json\/wp\/v2\/media?parent=61405"}],"wp:term":[{"taxonomy":"product_brand","embeddable":true,"href":"https:\/\/staging.nbg.eu\/es\/wp-json\/wp\/v2\/product_brand?post=61405"},{"taxonomy":"product_cat","embeddable":true,"href":"https:\/\/staging.nbg.eu\/es\/wp-json\/wp\/v2\/product_cat?post=61405"},{"taxonomy":"product_tag","embeddable":true,"href":"https:\/\/staging.nbg.eu\/es\/wp-json\/wp\/v2\/product_tag?post=61405"}],"curies":[{"name":"wp","href":"https:\/\/api.w.org\/{rel}","templated":true}]}}