{"id":61235,"date":"2024-02-14T20:33:29","date_gmt":"2024-09-16T10:40:39","guid":{"rendered":"https:\/\/staging.nbg.eu\/product\/geissele-16-super-modular-rail-mk18-m-lok\/"},"modified":"2024-09-16T10:41:43","modified_gmt":"2024-09-16T10:41:43","slug":"geissele-16-riel-super-modular-mk18-m-lok","status":"publish","type":"product","link":"https:\/\/staging.nbg.eu\/es\/producto\/geissele-16-riel-super-modular-mk18-m-lok\/","title":{"rendered":"Geissele 16&#8243; Riel Super Modular MK18 M-LOK\u00ae"},"content":{"rendered":"<h2 style=\"text-align: center\"><b>Riel Super Modular MK18 M-LOK\u00ae de 16&#8243;<\/b><\/h2>\n<p>El MK18 es el m\u00e1s reciente en la l\u00ednea de rieles Super Modular de Geissele y est\u00e1 dise\u00f1ado espec\u00edficamente para integrarse con el <b>Sistema de Liberaci\u00f3n R\u00e1pida Arca-Swiss<\/b>. Este nuevo guardamanos se basa en el Riel Super Modular MK16 M-LOK, ofreciendo un di\u00e1metro peque\u00f1o y altura total que crea un perfil delgado para tiradores de competici\u00f3n. La base plana del MK18 presenta una forma de 35mm de ancho estilo Arca con una cola de milano de 45 grados, que permite un montaje r\u00e1pido en una base de montaje de Liberaci\u00f3n R\u00e1pida Arca-Swiss, desliz\u00e1ndose a cualquier posici\u00f3n a lo largo del riel. El MK18 cuenta con la <b>tuerca de ca\u00f1\u00f3n propietaria de 2.25&#8243; de largo<\/b> de Geissele que se integra con el receptor y crea una plataforma recta y verdadera en toda la longitud del riel de flotaci\u00f3n libre. El MK18 de 16&#8243; de largo est\u00e1 mecanizado con precisi\u00f3n en 3D utilizando aluminio de la serie 7000 debido a sus propiedades fuertes, r\u00edgidas y ligeras.<\/p>\n<p>Utilizando <b>la tecnolog\u00eda M-LOK de Magpul en los 3 cuadrantes principales<\/b> (izquierda, derecha y abajo), as\u00ed como en los 45\u00b0 superiores, le da al MK18 una modularidad sin precedentes y la capacidad de ser personalizado. El riel Super Modular MK18 est\u00e1 <b>acabado en un Anodizado Tipo 3 duradero y resistente<\/b> disponible en Negro o en el acabado DDC de Geissele.<\/p>\n<p>El Riel Super Modular MK18 de Geissele es <b>compatible con rifles de patr\u00f3n AR15 de especificaciones militares.<\/b><\/p>\n<h2 style=\"text-align: center\"><strong>ESPECIFICACIONES<\/strong><\/h2>\n<hr \/>\n<table border=\"1\">\n<tbody>\n<tr>\n<td><strong>ALTURA: <\/strong><\/td>\n<td> 2.08<\/td>\n<\/tr>\n<tr>\n<td><strong>COLOR: <\/strong><\/td>\n<td> DDC \/ Negro<\/td>\n<\/tr>\n<tr>\n<td><strong>MATERIAL: <\/strong><\/td>\n<td> Aluminio Serie 7000<\/td>\n<\/tr>\n<tr>\n<td><strong>ACABADO: <\/strong><\/td>\n<td> Anodizado Tipo 3<\/td>\n<\/tr>\n<tr>\n<td><strong>LONGITUD: <\/strong><\/td>\n<td> 16.5&#8243;<\/td>\n<\/tr>\n<tr>\n<td><strong>DI\u00c1METRO INTERNO: <\/strong><\/td>\n<td> 1.26&#8243;<\/td>\n<\/tr>\n<tr>\n<td><strong>DI\u00c1METRO EXTERNO (DAC*): <\/strong><\/td>\n<td> 1.59&#8243;<\/td>\n<\/tr>\n<tr>\n<td><strong>PESO DEL SMR MK18: <\/strong><\/td>\n<td> 17oz (18.4oz con tuerca de ca\u00f1\u00f3n)<\/td>\n<\/tr>\n<\/tbody>\n<\/table>\n<p>&nbsp;<\/p>\n<p><em>*DAC &#8211; Distancia A trav\u00e9s de Cuadrantes<\/em><\/p>\n","protected":false},"excerpt":{"rendered":"<p><strong>Dise\u00f1ado para acoplarse al sistema de liberaci\u00f3n r\u00e1pida Arca-Swiss<\/strong><\/p>\n","protected":false},"featured_media":61236,"template":"","meta":{"_acf_changed":false},"product_brand":[11388],"product_cat":[12228,12276,12227,12279],"product_tag":[],"class_list":{"0":"post-61235","1":"product","2":"type-product","3":"status-publish","4":"has-post-thumbnail","6":"product_brand-geissele","7":"product_cat-ajuste-de-rifle","8":"product_cat-carabinas","9":"product_cat-rieles","10":"product_cat-rifle","12":"first","13":"outofstock","14":"taxable","15":"shipping-taxable","16":"product-type-variable","17":"wvs-archive-product-wrapper"},"acf":[],"_links":{"self":[{"href":"https:\/\/staging.nbg.eu\/es\/wp-json\/wp\/v2\/product\/61235","targetHints":{"allow":["GET"]}}],"collection":[{"href":"https:\/\/staging.nbg.eu\/es\/wp-json\/wp\/v2\/product"}],"about":[{"href":"https:\/\/staging.nbg.eu\/es\/wp-json\/wp\/v2\/types\/product"}],"wp:featuredmedia":[{"embeddable":true,"href":"https:\/\/staging.nbg.eu\/es\/wp-json\/wp\/v2\/media\/61236"}],"wp:attachment":[{"href":"https:\/\/staging.nbg.eu\/es\/wp-json\/wp\/v2\/media?parent=61235"}],"wp:term":[{"taxonomy":"product_brand","embeddable":true,"href":"https:\/\/staging.nbg.eu\/es\/wp-json\/wp\/v2\/product_brand?post=61235"},{"taxonomy":"product_cat","embeddable":true,"href":"https:\/\/staging.nbg.eu\/es\/wp-json\/wp\/v2\/product_cat?post=61235"},{"taxonomy":"product_tag","embeddable":true,"href":"https:\/\/staging.nbg.eu\/es\/wp-json\/wp\/v2\/product_tag?post=61235"}],"curies":[{"name":"wp","href":"https:\/\/api.w.org\/{rel}","templated":true}]}}