{"id":60877,"date":"2024-02-14T20:38:31","date_gmt":"2024-09-16T10:32:27","guid":{"rendered":"https:\/\/staging.nbg.eu\/product\/alg-defense-emr-v3x-15-handguard-black\/"},"modified":"2024-09-16T10:33:25","modified_gmt":"2024-09-16T10:33:25","slug":"alg-defense-emr-v3x-15-guardamanos-negro","status":"publish","type":"product","link":"https:\/\/staging.nbg.eu\/es\/producto\/alg-defense-emr-v3x-15-guardamanos-negro\/","title":{"rendered":"ALG Defense EMR V3X 15&#8243; Guardamanos &#8211; Negro"},"content":{"rendered":"<p>El guardamanos ALG Defense EMR V3X de 15&#8243; en negro ofrece personalizaci\u00f3n con su sistema de soporte M-LOK. Permite montar accesorios en las posiciones de 2, 4, 6, 8 y 10 en punto. Cuenta con un riel picatinny M1913 de longitud completa en la posici\u00f3n de 12 en punto para colocar miras, l\u00e1seres, luces y otras \u00f3pticas. Es \u00fatil para adaptar el arma a necesidades espec\u00edficas.<\/p>\n","protected":false},"excerpt":{"rendered":"<p>Guardamanos M-LOK vers\u00e1til de 15&#8243; con riel Picatinny de longitud completa.<\/p>\n","protected":false},"featured_media":60878,"template":"","meta":{"_acf_changed":false},"product_brand":[11388],"product_cat":[12228,12227,12279],"product_tag":[],"class_list":{"0":"post-60877","1":"product","2":"type-product","3":"status-publish","4":"has-post-thumbnail","6":"product_brand-geissele","7":"product_cat-ajuste-de-rifle","8":"product_cat-rieles","9":"product_cat-rifle","11":"first","12":"instock","13":"taxable","14":"shipping-taxable","15":"product-type-simple"},"acf":[],"_links":{"self":[{"href":"https:\/\/staging.nbg.eu\/es\/wp-json\/wp\/v2\/product\/60877","targetHints":{"allow":["GET"]}}],"collection":[{"href":"https:\/\/staging.nbg.eu\/es\/wp-json\/wp\/v2\/product"}],"about":[{"href":"https:\/\/staging.nbg.eu\/es\/wp-json\/wp\/v2\/types\/product"}],"wp:featuredmedia":[{"embeddable":true,"href":"https:\/\/staging.nbg.eu\/es\/wp-json\/wp\/v2\/media\/60878"}],"wp:attachment":[{"href":"https:\/\/staging.nbg.eu\/es\/wp-json\/wp\/v2\/media?parent=60877"}],"wp:term":[{"taxonomy":"product_brand","embeddable":true,"href":"https:\/\/staging.nbg.eu\/es\/wp-json\/wp\/v2\/product_brand?post=60877"},{"taxonomy":"product_cat","embeddable":true,"href":"https:\/\/staging.nbg.eu\/es\/wp-json\/wp\/v2\/product_cat?post=60877"},{"taxonomy":"product_tag","embeddable":true,"href":"https:\/\/staging.nbg.eu\/es\/wp-json\/wp\/v2\/product_tag?post=60877"}],"curies":[{"name":"wp","href":"https:\/\/api.w.org\/{rel}","templated":true}]}}