{"id":60458,"date":"2024-02-15T07:17:14","date_gmt":"2024-02-15T07:17:14","guid":{"rendered":"https:\/\/staging.nbg.eu\/product\/geissele-super-42-rifle-length-spring\/"},"modified":"2024-09-13T16:17:04","modified_gmt":"2024-09-13T16:17:04","slug":"geissele-super-42-resorte-longitud-de-rifle","status":"publish","type":"product","link":"https:\/\/staging.nbg.eu\/es\/producto\/geissele-super-42-resorte-longitud-de-rifle\/","title":{"rendered":"Geissele Super 42 Resorte Longitud de Rifle"},"content":{"rendered":"<p>\nMejore el rendimiento de su M-16\/AR-15 con el resorte de longitud de rifle Geissele Super 42. Su dise\u00f1o de triple alambre act\u00faa como un amortiguador arm\u00f3nico, absorbiendo energ\u00eda y reduciendo fallos del resorte. Ofrece mayor fiabilidad, menos sonido de vibraci\u00f3n y es compatible con amortiguadores y tubos de longitud de rifle est\u00e1ndar.<\/p>\n","protected":false},"excerpt":{"rendered":"<p>Mejora el rendimiento del AR-15 con el innovador resorte de 3 hebras de Geissele.<\/p>\n","protected":false},"featured_media":60459,"template":"","meta":{"_acf_changed":false},"product_brand":[11388],"product_cat":[12228,12290,12279],"product_tag":[],"class_list":{"0":"post-60458","1":"product","2":"type-product","3":"status-publish","4":"has-post-thumbnail","6":"product_brand-geissele","7":"product_cat-ajuste-de-rifle","8":"product_cat-resortes","9":"product_cat-rifle","11":"first","12":"instock","13":"taxable","14":"shipping-taxable","15":"product-type-simple"},"acf":[],"_links":{"self":[{"href":"https:\/\/staging.nbg.eu\/es\/wp-json\/wp\/v2\/product\/60458","targetHints":{"allow":["GET"]}}],"collection":[{"href":"https:\/\/staging.nbg.eu\/es\/wp-json\/wp\/v2\/product"}],"about":[{"href":"https:\/\/staging.nbg.eu\/es\/wp-json\/wp\/v2\/types\/product"}],"wp:featuredmedia":[{"embeddable":true,"href":"https:\/\/staging.nbg.eu\/es\/wp-json\/wp\/v2\/media\/60459"}],"wp:attachment":[{"href":"https:\/\/staging.nbg.eu\/es\/wp-json\/wp\/v2\/media?parent=60458"}],"wp:term":[{"taxonomy":"product_brand","embeddable":true,"href":"https:\/\/staging.nbg.eu\/es\/wp-json\/wp\/v2\/product_brand?post=60458"},{"taxonomy":"product_cat","embeddable":true,"href":"https:\/\/staging.nbg.eu\/es\/wp-json\/wp\/v2\/product_cat?post=60458"},{"taxonomy":"product_tag","embeddable":true,"href":"https:\/\/staging.nbg.eu\/es\/wp-json\/wp\/v2\/product_tag?post=60458"}],"curies":[{"name":"wp","href":"https:\/\/api.w.org\/{rel}","templated":true}]}}