{"id":59922,"date":"2024-02-15T10:31:20","date_gmt":"2024-09-13T16:05:54","guid":{"rendered":"https:\/\/staging.nbg.eu\/product\/geissele-super-configurable-safety-selector-black\/"},"modified":"2024-09-13T16:06:51","modified_gmt":"2024-09-13T16:06:51","slug":"geissele-selector-de-seguridad-super-configurable-negro","status":"publish","type":"product","link":"https:\/\/staging.nbg.eu\/es\/producto\/geissele-selector-de-seguridad-super-configurable-negro\/","title":{"rendered":"Geissele Selector de Seguridad Super Configurable &#8211; Negro"},"content":{"rendered":"<div class=\"product-description\">\n<h2>Selector de seguridad configurable Geissele &#8211; Negro<\/h2>\n<p>Selector de seguridad ambidiestro para carabina. Palancas intercambiables para personalizar la comodidad y operaci\u00f3n. Dise\u00f1o de \u00e9mbolo con tensi\u00f3n de resorte para evitar p\u00e9rdidas durante la limpieza. Cilindro de acero inoxidable resistente a la corrosi\u00f3n. Mejora la seguridad y usabilidad del arma de fuego.<\/p>\n<\/div>\n","protected":false},"excerpt":{"rendered":"<p>Selector de seguridad ambidiestro y configurable para AR-15. Acero duradero.<\/p>\n","protected":false},"featured_media":59923,"template":"","meta":{"_acf_changed":false},"product_brand":[11388],"product_cat":[12228,12279],"product_tag":[],"class_list":{"0":"post-59922","1":"product","2":"type-product","3":"status-publish","4":"has-post-thumbnail","6":"product_brand-geissele","7":"product_cat-ajuste-de-rifle","8":"product_cat-rifle","10":"first","11":"instock","12":"taxable","13":"shipping-taxable","14":"product-type-simple"},"acf":[],"_links":{"self":[{"href":"https:\/\/staging.nbg.eu\/es\/wp-json\/wp\/v2\/product\/59922","targetHints":{"allow":["GET"]}}],"collection":[{"href":"https:\/\/staging.nbg.eu\/es\/wp-json\/wp\/v2\/product"}],"about":[{"href":"https:\/\/staging.nbg.eu\/es\/wp-json\/wp\/v2\/types\/product"}],"wp:featuredmedia":[{"embeddable":true,"href":"https:\/\/staging.nbg.eu\/es\/wp-json\/wp\/v2\/media\/59923"}],"wp:attachment":[{"href":"https:\/\/staging.nbg.eu\/es\/wp-json\/wp\/v2\/media?parent=59922"}],"wp:term":[{"taxonomy":"product_brand","embeddable":true,"href":"https:\/\/staging.nbg.eu\/es\/wp-json\/wp\/v2\/product_brand?post=59922"},{"taxonomy":"product_cat","embeddable":true,"href":"https:\/\/staging.nbg.eu\/es\/wp-json\/wp\/v2\/product_cat?post=59922"},{"taxonomy":"product_tag","embeddable":true,"href":"https:\/\/staging.nbg.eu\/es\/wp-json\/wp\/v2\/product_tag?post=59922"}],"curies":[{"name":"wp","href":"https:\/\/api.w.org\/{rel}","templated":true}]}}