{"id":59812,"date":"2024-02-15T10:48:43","date_gmt":"2024-09-13T16:02:17","guid":{"rendered":"https:\/\/staging.nbg.eu\/product\/geissele-maritime-bolt-catch\/"},"modified":"2024-09-13T16:03:14","modified_gmt":"2024-09-13T16:03:14","slug":"geissele-seguro-maritimo-para-cerrojo","status":"publish","type":"product","link":"https:\/\/staging.nbg.eu\/es\/producto\/geissele-seguro-maritimo-para-cerrojo\/","title":{"rendered":"Geissele Seguro Mar\u00edtimo para Cerrojo"},"content":{"rendered":"<p>\nEl retenedor de cerrojo Geissele Maritime mejora la funcionalidad de su AR-15:<\/p>\n<ul>\n<li>Compatible con receptores inferiores M16\/M4 de especificaciones militares<\/li>\n<li>Superficie aumentada para una operaci\u00f3n m\u00e1s f\u00e1cil<\/li>\n<li>Controles extendidos para tiradores zurdos<\/li>\n<li>Textura rugosa para un agarre firme<\/li>\n<li>Adecuado para uso con guantes o en condiciones de poca luz<\/li>\n<\/ul>\n<p>Mejore su rifle con este retenedor de cerrojo dise\u00f1ado para uso t\u00e1ctico.<\/p>\n","protected":false},"excerpt":{"rendered":"<p>Ret\u00e9n de cerrojo mejorado con una superficie m\u00e1s grande para una operaci\u00f3n m\u00e1s f\u00e1cil.<\/p>\n","protected":false},"featured_media":59813,"template":"","meta":{"_acf_changed":false},"product_brand":[11388],"product_cat":[12228,12279],"product_tag":[],"class_list":{"0":"post-59812","1":"product","2":"type-product","3":"status-publish","4":"has-post-thumbnail","6":"product_brand-geissele","7":"product_cat-ajuste-de-rifle","8":"product_cat-rifle","10":"first","11":"instock","12":"taxable","13":"shipping-taxable","14":"product-type-simple"},"acf":[],"_links":{"self":[{"href":"https:\/\/staging.nbg.eu\/es\/wp-json\/wp\/v2\/product\/59812","targetHints":{"allow":["GET"]}}],"collection":[{"href":"https:\/\/staging.nbg.eu\/es\/wp-json\/wp\/v2\/product"}],"about":[{"href":"https:\/\/staging.nbg.eu\/es\/wp-json\/wp\/v2\/types\/product"}],"wp:featuredmedia":[{"embeddable":true,"href":"https:\/\/staging.nbg.eu\/es\/wp-json\/wp\/v2\/media\/59813"}],"wp:attachment":[{"href":"https:\/\/staging.nbg.eu\/es\/wp-json\/wp\/v2\/media?parent=59812"}],"wp:term":[{"taxonomy":"product_brand","embeddable":true,"href":"https:\/\/staging.nbg.eu\/es\/wp-json\/wp\/v2\/product_brand?post=59812"},{"taxonomy":"product_cat","embeddable":true,"href":"https:\/\/staging.nbg.eu\/es\/wp-json\/wp\/v2\/product_cat?post=59812"},{"taxonomy":"product_tag","embeddable":true,"href":"https:\/\/staging.nbg.eu\/es\/wp-json\/wp\/v2\/product_tag?post=59812"}],"curies":[{"name":"wp","href":"https:\/\/api.w.org\/{rel}","templated":true}]}}