{"id":58886,"date":"2024-02-15T19:41:39","date_gmt":"2024-09-13T15:17:46","guid":{"rendered":"https:\/\/staging.nbg.eu\/product\/geissele-super-gas-block-black\/"},"modified":"2024-09-13T15:18:45","modified_gmt":"2024-09-13T15:18:45","slug":"geissele-bloque-de-gas-super-negro","status":"publish","type":"product","link":"https:\/\/staging.nbg.eu\/es\/producto\/geissele-bloque-de-gas-super-negro\/","title":{"rendered":"Geissele Bloque de Gas Super &#8211; Negro"},"content":{"rendered":"<div class=\"product-description\">\n<h2>Bloque de Gas Geissele Super &#8211; Negro<\/h2>\n<p>El Bloque de Gas Geissele Super es un componente de bajo perfil dise\u00f1ado para encajar bajo la mayor\u00eda de los guardamanos flotantes. Fabricado con acero inoxidable 17-4 endurecido por precipitaci\u00f3n, este bloque de gas ofrece resistencia a la corrosi\u00f3n y durabilidad.<\/p>\n<ul>\n<li>Soporta miles de disparos<\/li>\n<li>Incluye tornillo de fijaci\u00f3n est\u00e1ndar y m\u00e9todos de \u00abInstalaci\u00f3n a prueba de fallos\u00bb<\/li>\n<li>Un pasador de bobina asegura el bloque de gas en su lugar para mayor estabilidad<\/li>\n<li>Un pasador de acero inoxidable asegura la alineaci\u00f3n con los ca\u00f1ones Geissele CHF<\/li>\n<\/ul>\n<p>El Bloque de Gas Geissele Super est\u00e1 dise\u00f1ado para funcionar en diversas condiciones de operaci\u00f3n.<\/p>\n<\/div>\n","protected":false},"excerpt":{"rendered":"<p>Bloque de gas de bajo perfil y duradero de acero inoxidable para rifles AR-15.<\/p>\n","protected":false},"featured_media":58887,"template":"","meta":{"_acf_changed":false},"product_brand":[11388],"product_cat":[12228,12279],"product_tag":[],"class_list":{"0":"post-58886","1":"product","2":"type-product","3":"status-publish","4":"has-post-thumbnail","6":"product_brand-geissele","7":"product_cat-ajuste-de-rifle","8":"product_cat-rifle","10":"first","11":"instock","12":"taxable","13":"shipping-taxable","14":"product-type-simple"},"acf":[],"_links":{"self":[{"href":"https:\/\/staging.nbg.eu\/es\/wp-json\/wp\/v2\/product\/58886","targetHints":{"allow":["GET"]}}],"collection":[{"href":"https:\/\/staging.nbg.eu\/es\/wp-json\/wp\/v2\/product"}],"about":[{"href":"https:\/\/staging.nbg.eu\/es\/wp-json\/wp\/v2\/types\/product"}],"wp:featuredmedia":[{"embeddable":true,"href":"https:\/\/staging.nbg.eu\/es\/wp-json\/wp\/v2\/media\/58887"}],"wp:attachment":[{"href":"https:\/\/staging.nbg.eu\/es\/wp-json\/wp\/v2\/media?parent=58886"}],"wp:term":[{"taxonomy":"product_brand","embeddable":true,"href":"https:\/\/staging.nbg.eu\/es\/wp-json\/wp\/v2\/product_brand?post=58886"},{"taxonomy":"product_cat","embeddable":true,"href":"https:\/\/staging.nbg.eu\/es\/wp-json\/wp\/v2\/product_cat?post=58886"},{"taxonomy":"product_tag","embeddable":true,"href":"https:\/\/staging.nbg.eu\/es\/wp-json\/wp\/v2\/product_tag?post=58886"}],"curies":[{"name":"wp","href":"https:\/\/api.w.org\/{rel}","templated":true}]}}