{"id":583704,"date":"2025-10-10T23:40:13","date_gmt":"2025-10-10T20:40:13","guid":{"rendered":"https:\/\/staging.nbg.eu\/product\/dillon-4-pack-primer-pickup-tubes-small-primer\/"},"modified":"2025-10-16T15:28:42","modified_gmt":"2025-10-16T12:28:42","slug":"dillon-pack-de-4-tubos-recoge-pistones-piston-pequeno","status":"publish","type":"product","link":"https:\/\/staging.nbg.eu\/es\/producto\/dillon-pack-de-4-tubos-recoge-pistones-piston-pequeno\/","title":{"rendered":"Dillon Pack de 4 Tubos Recoge Pistones &#8211; Pist\u00f3n Peque\u00f1o"},"content":{"rendered":"<div class=\"product-description\">\n<h2>Tubos de recogida de cebadores Dillon, paquete de 4 &#8211; Cebador peque\u00f1o<\/h2>\n<p>Estos tubos de recogida de cebadores Dillon son para cebadores peque\u00f1os. Estos accesorios est\u00e1n dise\u00f1ados para mejorar el proceso de recarga.<\/p>\n<ul>\n<li>Conjunto de 4 tubos de recogida para cebadores de di\u00e1metro peque\u00f1o<\/li>\n<li>Tubos prellenables para una recarga r\u00e1pida y eficiente<\/li>\n<li>Compatibles con prensas de recarga Dillon<\/li>\n<li>Aumenta la productividad y ahorra tiempo<\/li>\n<\/ul>\n<p>Mantenga estos tubos llenos y listos para usar en la recarga continua. \u00datiles para tiradores competitivos y recargadores de alto volumen.<\/p>\n<\/div>\n","protected":false},"excerpt":{"rendered":"<p>4 tubos peque\u00f1os de recogida de fulminantes para una recarga r\u00e1pida y eficiente.<\/p>\n","protected":false},"featured_media":583731,"template":"","meta":{"_acf_changed":false},"product_brand":[],"product_cat":[12229,12275],"product_tag":[],"class_list":{"0":"post-583704","1":"product","2":"type-product","3":"status-publish","4":"has-post-thumbnail","6":"product_cat-accesorios-de-recarga","7":"product_cat-recarga","9":"first","10":"instock","11":"taxable","12":"shipping-taxable","13":"purchasable","14":"product-type-simple"},"acf":[],"_links":{"self":[{"href":"https:\/\/staging.nbg.eu\/es\/wp-json\/wp\/v2\/product\/583704","targetHints":{"allow":["GET"]}}],"collection":[{"href":"https:\/\/staging.nbg.eu\/es\/wp-json\/wp\/v2\/product"}],"about":[{"href":"https:\/\/staging.nbg.eu\/es\/wp-json\/wp\/v2\/types\/product"}],"wp:featuredmedia":[{"embeddable":true,"href":"https:\/\/staging.nbg.eu\/es\/wp-json\/wp\/v2\/media\/583731"}],"wp:attachment":[{"href":"https:\/\/staging.nbg.eu\/es\/wp-json\/wp\/v2\/media?parent=583704"}],"wp:term":[{"taxonomy":"product_brand","embeddable":true,"href":"https:\/\/staging.nbg.eu\/es\/wp-json\/wp\/v2\/product_brand?post=583704"},{"taxonomy":"product_cat","embeddable":true,"href":"https:\/\/staging.nbg.eu\/es\/wp-json\/wp\/v2\/product_cat?post=583704"},{"taxonomy":"product_tag","embeddable":true,"href":"https:\/\/staging.nbg.eu\/es\/wp-json\/wp\/v2\/product_tag?post=583704"}],"curies":[{"name":"wp","href":"https:\/\/api.w.org\/{rel}","templated":true}]}}