{"id":577580,"date":"2025-10-10T16:06:59","date_gmt":"2025-10-10T13:06:59","guid":{"rendered":"https:\/\/staging.nbg.eu\/product\/polymer-magazine-556x45-mm-for-akm-rifles-10-rounds\/"},"modified":"2025-10-15T12:30:28","modified_gmt":"2025-10-15T09:30:28","slug":"cargador-polimero-556x45-mm-para-rifles-akm-10-cartuchos","status":"publish","type":"product","link":"https:\/\/staging.nbg.eu\/es\/producto\/cargador-polimero-556x45-mm-para-rifles-akm-10-cartuchos\/","title":{"rendered":"Cargador Pol\u00edmero 5,56&#215;45 mm para Rifles AKM 10 Cartuchos"},"content":{"rendered":"<h2>Cargador de pol\u00edmero para AK 5,56&#215;45 mm \/ .223 Rem &#8211; 10 cartuchos<\/h2>\n<p>Cargador de pol\u00edmero de WBP Rog\u00f3w para rifles AK. Dise\u00f1ado para munici\u00f3n de calibre 5,56&#215;45 mm \/ .223 Rem, este cargador de 10 cartuchos es compatible con carabinas Jack, Mini Jack, Beryl y Mini Beryl.<\/p>\n<h2>Caracter\u00edsticas principales:<\/h2>\n<ul>\n<li>Construcci\u00f3n de pol\u00edmero<\/li>\n<li>Dise\u00f1o ligero<\/li>\n<li>Cuerpo semitransparente para verificar la munici\u00f3n<\/li>\n<li>Base de acero<\/li>\n<\/ul>\n<h2>Especificaciones t\u00e9cnicas:<\/h2>\n<ul>\n<li>Cuerpo: Pol\u00edmero<\/li>\n<li>Elevador: Acero<\/li>\n<li>Calibre: 5,56&#215;45 mm \/ .223 Rem<\/li>\n<li>Capacidad: 10 cartuchos<\/li>\n<li>Peso: 103 g<\/li>\n<li>Color: Transparente<\/li>\n<\/ul>\n<p>Este cargador est\u00e1 disponible para su rifle AK.<\/p>\n","protected":false},"excerpt":{"rendered":"<p>Cargador de pol\u00edmero AK, 10 cartuchos, 5.56&#215;45\/.223, semi-transparente, WBP Rog\u00f3w<\/p>\n","protected":false},"featured_media":577645,"template":"","meta":{"_acf_changed":false},"product_brand":[],"product_cat":[12262,12279],"product_tag":[],"class_list":{"0":"post-577580","1":"product","2":"type-product","3":"status-publish","4":"has-post-thumbnail","6":"product_cat-cargadores-de-rifle","7":"product_cat-rifle","9":"first","10":"outofstock","11":"taxable","12":"shipping-taxable","13":"product-type-simple"},"acf":[],"_links":{"self":[{"href":"https:\/\/staging.nbg.eu\/es\/wp-json\/wp\/v2\/product\/577580","targetHints":{"allow":["GET"]}}],"collection":[{"href":"https:\/\/staging.nbg.eu\/es\/wp-json\/wp\/v2\/product"}],"about":[{"href":"https:\/\/staging.nbg.eu\/es\/wp-json\/wp\/v2\/types\/product"}],"wp:featuredmedia":[{"embeddable":true,"href":"https:\/\/staging.nbg.eu\/es\/wp-json\/wp\/v2\/media\/577645"}],"wp:attachment":[{"href":"https:\/\/staging.nbg.eu\/es\/wp-json\/wp\/v2\/media?parent=577580"}],"wp:term":[{"taxonomy":"product_brand","embeddable":true,"href":"https:\/\/staging.nbg.eu\/es\/wp-json\/wp\/v2\/product_brand?post=577580"},{"taxonomy":"product_cat","embeddable":true,"href":"https:\/\/staging.nbg.eu\/es\/wp-json\/wp\/v2\/product_cat?post=577580"},{"taxonomy":"product_tag","embeddable":true,"href":"https:\/\/staging.nbg.eu\/es\/wp-json\/wp\/v2\/product_tag?post=577580"}],"curies":[{"name":"wp","href":"https:\/\/api.w.org\/{rel}","templated":true}]}}