{"id":57740,"date":"2024-02-20T19:53:48","date_gmt":"2024-09-13T14:33:32","guid":{"rendered":"https:\/\/staging.nbg.eu\/product\/geissele-ar15-super-precision-30mm-extended\/"},"modified":"2024-09-13T14:34:34","modified_gmt":"2024-09-13T14:34:34","slug":"geissele-ar15-super-precision-30mm-extendida","status":"publish","type":"product","link":"https:\/\/staging.nbg.eu\/es\/producto\/geissele-ar15-super-precision-30mm-extendida\/","title":{"rendered":"Geissele AR15 Super Precision 30mm, Extendida"},"content":{"rendered":"<div class=\"product-description\">\n<h2>Geissele AR15 Super Precision\u00ae 30mm, Extendido<\/h2>\n<p>Dise\u00f1ado para usar con AR-15\/M4, el soporte Geissele Super Precision\u00ae 30mm Extendido ofrece estabilidad y precisi\u00f3n. Caracter\u00edsticas principales:<\/p>\n<ul>\n<li>Riel picatinny de 7 secciones con 4 salientes de cizallamiento para montaje seguro<\/li>\n<li>Sistema de sujeci\u00f3n con tuerca y perno que proporciona 1,400 libras de fuerza por conjunto<\/li>\n<li>Fabricado de una pieza de aluminio 7075-T6<\/li>\n<li>Resistencia mejorada mediante estructuras internas<\/li>\n<li>Tapas perforadas con precisi\u00f3n para ajuste y protecci\u00f3n de la mira<\/li>\n<li>Ubicaciones de tapa vers\u00e1tiles para adaptarse a varios dise\u00f1os de miras<\/li>\n<\/ul>\n<p>Este soporte de mira ofrece precisi\u00f3n al volver a cero y durabilidad, dise\u00f1ado para condiciones dif\u00edciles.<\/p>\n<\/div>\n","protected":false},"excerpt":{"rendered":"<p>Montura de mira de 30mm de precisi\u00f3n para AR-15. Segura, duradera, fabricada en aluminio 7075-T6.<\/p>\n","protected":false},"featured_media":57741,"template":"","meta":{"_acf_changed":false},"product_brand":[11388],"product_cat":[12279],"product_tag":[],"class_list":{"0":"post-57740","1":"product","2":"type-product","3":"status-publish","4":"has-post-thumbnail","6":"product_brand-geissele","7":"product_cat-rifle","9":"first","10":"instock","11":"taxable","12":"shipping-taxable","13":"product-type-variable","14":"wvs-archive-product-wrapper"},"acf":[],"_links":{"self":[{"href":"https:\/\/staging.nbg.eu\/es\/wp-json\/wp\/v2\/product\/57740","targetHints":{"allow":["GET"]}}],"collection":[{"href":"https:\/\/staging.nbg.eu\/es\/wp-json\/wp\/v2\/product"}],"about":[{"href":"https:\/\/staging.nbg.eu\/es\/wp-json\/wp\/v2\/types\/product"}],"wp:featuredmedia":[{"embeddable":true,"href":"https:\/\/staging.nbg.eu\/es\/wp-json\/wp\/v2\/media\/57741"}],"wp:attachment":[{"href":"https:\/\/staging.nbg.eu\/es\/wp-json\/wp\/v2\/media?parent=57740"}],"wp:term":[{"taxonomy":"product_brand","embeddable":true,"href":"https:\/\/staging.nbg.eu\/es\/wp-json\/wp\/v2\/product_brand?post=57740"},{"taxonomy":"product_cat","embeddable":true,"href":"https:\/\/staging.nbg.eu\/es\/wp-json\/wp\/v2\/product_cat?post=57740"},{"taxonomy":"product_tag","embeddable":true,"href":"https:\/\/staging.nbg.eu\/es\/wp-json\/wp\/v2\/product_tag?post=57740"}],"curies":[{"name":"wp","href":"https:\/\/api.w.org\/{rel}","templated":true}]}}