{"id":576866,"date":"2025-10-10T16:06:53","date_gmt":"2025-10-10T13:06:53","guid":{"rendered":"https:\/\/staging.nbg.eu\/product\/polymer-magazine-545x39-mm-fo-akm-rifles-30-rounds\/"},"modified":"2025-10-15T12:16:08","modified_gmt":"2025-10-15T09:16:08","slug":"cargador-polimero-545x39-mm-para-rifles-akm-30-cartuchos","status":"publish","type":"product","link":"https:\/\/staging.nbg.eu\/es\/producto\/cargador-polimero-545x39-mm-para-rifles-akm-30-cartuchos\/","title":{"rendered":"Cargador Pol\u00edmero 5,45&#215;39 mm para Rifles AKM 30 Cartuchos"},"content":{"rendered":"<div class=\"product-description\">\n<h2>Cargador de pol\u00edmero para AK 5,45&#215;39 mm &#8211; 30 cartuchos<\/h2>\n<h2>Cargador semitransparente WBP Rog\u00f3w<\/h2>\n<p>Cargador de pol\u00edmero de WBP Rog\u00f3w para rifles AK-74 o Tantal. Dise\u00f1ado para munici\u00f3n de calibre 5,45&#215;39 mm, este cargador de 30 cartuchos ofrece fiabilidad.<\/p>\n<h3>Caracter\u00edsticas principales:<\/h3>\n<ul>\n<li>Construcci\u00f3n de pol\u00edmero resistente<\/li>\n<li>Cuerpo semitransparente para verificar el estado de la munici\u00f3n<\/li>\n<li>Base reforzada con acero<\/li>\n<li>Dise\u00f1o ligero de 153 gramos<\/li>\n<li>Compatible con rifles AK-74 y Tantal<\/li>\n<\/ul>\n<h3>Especificaciones t\u00e9cnicas:<\/h3>\n<ul>\n<li>Calibre: 5,45&#215;39 mm<\/li>\n<li>Capacidad: 30 cartuchos<\/li>\n<li>Material del cuerpo y seguidor: Pol\u00edmero<\/li>\n<li>Material de la base: Acero<\/li>\n<li>Color: Semitransparente<\/li>\n<\/ul>\n<p>Este cargador de pol\u00edmero WBP Rog\u00f3w est\u00e1 dise\u00f1ado para su uso en plataformas AK.<\/p>\n<\/div>\n","protected":false},"excerpt":{"rendered":"<p>Cargador AK semi-transparente de 30 cartuchos, 5.45x39mm, fabricado por WBP Rog\u00f3w<\/p>\n","protected":false},"featured_media":577099,"template":"","meta":{"_acf_changed":false},"product_brand":[],"product_cat":[12262,12279],"product_tag":[],"class_list":{"0":"post-576866","1":"product","2":"type-product","3":"status-publish","4":"has-post-thumbnail","6":"product_cat-cargadores-de-rifle","7":"product_cat-rifle","9":"first","10":"outofstock","11":"taxable","12":"shipping-taxable","13":"product-type-simple"},"acf":[],"_links":{"self":[{"href":"https:\/\/staging.nbg.eu\/es\/wp-json\/wp\/v2\/product\/576866","targetHints":{"allow":["GET"]}}],"collection":[{"href":"https:\/\/staging.nbg.eu\/es\/wp-json\/wp\/v2\/product"}],"about":[{"href":"https:\/\/staging.nbg.eu\/es\/wp-json\/wp\/v2\/types\/product"}],"wp:featuredmedia":[{"embeddable":true,"href":"https:\/\/staging.nbg.eu\/es\/wp-json\/wp\/v2\/media\/577099"}],"wp:attachment":[{"href":"https:\/\/staging.nbg.eu\/es\/wp-json\/wp\/v2\/media?parent=576866"}],"wp:term":[{"taxonomy":"product_brand","embeddable":true,"href":"https:\/\/staging.nbg.eu\/es\/wp-json\/wp\/v2\/product_brand?post=576866"},{"taxonomy":"product_cat","embeddable":true,"href":"https:\/\/staging.nbg.eu\/es\/wp-json\/wp\/v2\/product_cat?post=576866"},{"taxonomy":"product_tag","embeddable":true,"href":"https:\/\/staging.nbg.eu\/es\/wp-json\/wp\/v2\/product_tag?post=576866"}],"curies":[{"name":"wp","href":"https:\/\/api.w.org\/{rel}","templated":true}]}}