{"id":575279,"date":"2025-10-10T12:34:57","date_gmt":"2025-10-10T09:34:57","guid":{"rendered":"https:\/\/staging.nbg.eu\/product\/grips-kmr-l-waves-titan\/"},"modified":"2025-10-15T11:34:25","modified_gmt":"2025-10-15T08:34:25","slug":"empunaduras-kmr-l-ondas-titanio","status":"publish","type":"product","link":"https:\/\/staging.nbg.eu\/es\/producto\/empunaduras-kmr-l-ondas-titanio\/","title":{"rendered":"Empu\u00f1aduras KMR L Ondas Titanio"},"content":{"rendered":"<div class=\"product-description\">\n<h2>EMPU\u00d1ADURAS KMR L WAVES TITAN<\/h2>\n<p>Las EMPU\u00d1ADURAS KMR L WAVES TITAN (Ref: 0611-05001-0107) de KMR Precision Arms est\u00e1n dise\u00f1adas para control y precisi\u00f3n. Estas empu\u00f1aduras de tama\u00f1o completo cuentan con una textura WAVES.<\/p>\n<h2>Caracter\u00edsticas principales:<\/h2>\n<ul>\n<li>Compatible con modelos KMR L-02 SPECTRA y UMBRA<\/li>\n<li>Empu\u00f1adura de tama\u00f1o completo sin magwell<\/li>\n<li>Textura WAVES para mejor agarre<\/li>\n<li>Opci\u00f3n de color titan<\/li>\n<\/ul>\n<p>Las EMPU\u00d1ADURAS KMR L WAVES TITAN ofrecen precisi\u00f3n y comodidad.<\/p>\n<\/div>\n","protected":false},"excerpt":{"rendered":"<p>EMPU\u00d1ADURAS KMR L WAVES TITAN: Mejore el control y la precisi\u00f3n en color tit\u00e1n.<\/p>\n","protected":false},"featured_media":575315,"template":"","meta":{"_acf_changed":false},"product_brand":[],"product_cat":[12231],"product_tag":[],"class_list":{"0":"post-575279","1":"product","2":"type-product","3":"status-publish","4":"has-post-thumbnail","6":"product_cat-piezas-kmr","8":"first","9":"instock","10":"taxable","11":"shipping-taxable","12":"purchasable","13":"product-type-simple"},"acf":[],"_links":{"self":[{"href":"https:\/\/staging.nbg.eu\/es\/wp-json\/wp\/v2\/product\/575279","targetHints":{"allow":["GET"]}}],"collection":[{"href":"https:\/\/staging.nbg.eu\/es\/wp-json\/wp\/v2\/product"}],"about":[{"href":"https:\/\/staging.nbg.eu\/es\/wp-json\/wp\/v2\/types\/product"}],"wp:featuredmedia":[{"embeddable":true,"href":"https:\/\/staging.nbg.eu\/es\/wp-json\/wp\/v2\/media\/575315"}],"wp:attachment":[{"href":"https:\/\/staging.nbg.eu\/es\/wp-json\/wp\/v2\/media?parent=575279"}],"wp:term":[{"taxonomy":"product_brand","embeddable":true,"href":"https:\/\/staging.nbg.eu\/es\/wp-json\/wp\/v2\/product_brand?post=575279"},{"taxonomy":"product_cat","embeddable":true,"href":"https:\/\/staging.nbg.eu\/es\/wp-json\/wp\/v2\/product_cat?post=575279"},{"taxonomy":"product_tag","embeddable":true,"href":"https:\/\/staging.nbg.eu\/es\/wp-json\/wp\/v2\/product_tag?post=575279"}],"curies":[{"name":"wp","href":"https:\/\/api.w.org\/{rel}","templated":true}]}}