{"id":575190,"date":"2025-10-10T12:34:54","date_gmt":"2025-10-10T09:34:54","guid":{"rendered":"https:\/\/staging.nbg.eu\/product\/grips-kmr-l-waves-black\/"},"modified":"2025-10-15T11:31:20","modified_gmt":"2025-10-15T08:31:20","slug":"empunaduras-kmr-l-ondas-negro","status":"publish","type":"product","link":"https:\/\/staging.nbg.eu\/es\/producto\/empunaduras-kmr-l-ondas-negro\/","title":{"rendered":"Empu\u00f1aduras KMR L Ondas Negro"},"content":{"rendered":"<div class=\"product-description\">\n<h2>EMPU\u00d1ADURAS KMR L WAVES NEGRAS<\/h2>\n<p>Las empu\u00f1aduras GRIPS KMR L WAVES NEGRAS de KMR Precision Arms ofrecen control y precisi\u00f3n. Estas empu\u00f1aduras est\u00e1n dise\u00f1adas para mejorar las habilidades de tiro.<\/p>\n<h2>Caracter\u00edsticas principales:<\/h2>\n<ul>\n<li>Referencia: 0611-05001-0101<\/li>\n<li>Color: Negro (Disponible en 10 variantes de color)<\/li>\n<li>Longitud de la empu\u00f1adura: Tama\u00f1o completo &#8211; sin magwell<\/li>\n<li>Textura: Waves<\/li>\n<li>Compatible con los modelos KMR L-02 SPECTRA y UMBRA<\/li>\n<\/ul>\n<p>La textura WAVES proporciona agarre y control, asegurando precisi\u00f3n en cada disparo. Estas empu\u00f1aduras mejorar\u00e1n su experiencia de tiro, ya sea para tiradores competitivos o entusiastas de las armas de fuego.<\/p>\n<\/div>\n","protected":false},"excerpt":{"rendered":"<p>Empu\u00f1aduras WAVES negras revolucionarias para rifles KMR. M\u00e1ximo control y precisi\u00f3n.<\/p>\n","protected":false},"featured_media":575221,"template":"","meta":{"_acf_changed":false},"product_brand":[],"product_cat":[12231],"product_tag":[],"class_list":{"0":"post-575190","1":"product","2":"type-product","3":"status-publish","4":"has-post-thumbnail","6":"product_cat-piezas-kmr","8":"first","9":"instock","10":"taxable","11":"shipping-taxable","12":"purchasable","13":"product-type-simple"},"acf":[],"_links":{"self":[{"href":"https:\/\/staging.nbg.eu\/es\/wp-json\/wp\/v2\/product\/575190","targetHints":{"allow":["GET"]}}],"collection":[{"href":"https:\/\/staging.nbg.eu\/es\/wp-json\/wp\/v2\/product"}],"about":[{"href":"https:\/\/staging.nbg.eu\/es\/wp-json\/wp\/v2\/types\/product"}],"wp:featuredmedia":[{"embeddable":true,"href":"https:\/\/staging.nbg.eu\/es\/wp-json\/wp\/v2\/media\/575221"}],"wp:attachment":[{"href":"https:\/\/staging.nbg.eu\/es\/wp-json\/wp\/v2\/media?parent=575190"}],"wp:term":[{"taxonomy":"product_brand","embeddable":true,"href":"https:\/\/staging.nbg.eu\/es\/wp-json\/wp\/v2\/product_brand?post=575190"},{"taxonomy":"product_cat","embeddable":true,"href":"https:\/\/staging.nbg.eu\/es\/wp-json\/wp\/v2\/product_cat?post=575190"},{"taxonomy":"product_tag","embeddable":true,"href":"https:\/\/staging.nbg.eu\/es\/wp-json\/wp\/v2\/product_tag?post=575190"}],"curies":[{"name":"wp","href":"https:\/\/api.w.org\/{rel}","templated":true}]}}