{"id":574714,"date":"2025-10-10T12:34:45","date_gmt":"2025-10-10T09:34:45","guid":{"rendered":"https:\/\/staging.nbg.eu\/product\/trigger-kmr-sa-da-straight-from-2024\/"},"modified":"2025-10-15T11:10:39","modified_gmt":"2025-10-15T08:10:39","slug":"gatillo-kmr-sada-recto-desde-2024","status":"publish","type":"product","link":"https:\/\/staging.nbg.eu\/es\/producto\/gatillo-kmr-sada-recto-desde-2024\/","title":{"rendered":"Gatillo KMR SA\/DA Recto (desde 2024)"},"content":{"rendered":"<h2>GATILLO KMR SA\/DA RECTO (desde 2024)<\/h2>\n<h2>Referencia: 0861-02301-0900<\/h2>\n<h3>Marca: KMR Precision Arms<\/h3>\n<p>El GATILLO KMR SA\/DA RECTO est\u00e1 dise\u00f1ado para pistolas KMR fabricadas a partir de 2024. Este gatillo de reemplazo es compatible con modelos de armaz\u00f3n de aluminio y acero.<\/p>\n<ul>\n<li>Dise\u00f1o de gatillo recto<\/li>\n<li>Compatible con pasador de gatillo de 3 mm<\/li>\n<li>Funciona con barra de gatillo L SA\/DA o W SA\/DA<\/li>\n<li>Construcci\u00f3n de acero<\/li>\n<li>Compatible con modelos KMR: L-02 SPECTRA, L-02 UMBRA, S-01 LANCE (OR), S-02 y W-02 UMBRA<\/li>\n<\/ul>\n<p>Este gatillo recto est\u00e1 dise\u00f1ado para operar en modos de acci\u00f3n simple y doble. Es compatible con pistolas KMR espec\u00edficas.<\/p>\n","protected":false},"excerpt":{"rendered":"<p>Gatillo recto de acero SA\/DA para pistolas KMR a partir de 2024. Compatible con pasador de 3mm.<\/p>\n","protected":false},"featured_media":574740,"template":"","meta":{"_acf_changed":false},"product_brand":[],"product_cat":[12231],"product_tag":[],"class_list":{"0":"post-574714","1":"product","2":"type-product","3":"status-publish","4":"has-post-thumbnail","6":"product_cat-piezas-kmr","8":"first","9":"instock","10":"taxable","11":"shipping-taxable","12":"purchasable","13":"product-type-simple"},"acf":[],"_links":{"self":[{"href":"https:\/\/staging.nbg.eu\/es\/wp-json\/wp\/v2\/product\/574714","targetHints":{"allow":["GET"]}}],"collection":[{"href":"https:\/\/staging.nbg.eu\/es\/wp-json\/wp\/v2\/product"}],"about":[{"href":"https:\/\/staging.nbg.eu\/es\/wp-json\/wp\/v2\/types\/product"}],"wp:featuredmedia":[{"embeddable":true,"href":"https:\/\/staging.nbg.eu\/es\/wp-json\/wp\/v2\/media\/574740"}],"wp:attachment":[{"href":"https:\/\/staging.nbg.eu\/es\/wp-json\/wp\/v2\/media?parent=574714"}],"wp:term":[{"taxonomy":"product_brand","embeddable":true,"href":"https:\/\/staging.nbg.eu\/es\/wp-json\/wp\/v2\/product_brand?post=574714"},{"taxonomy":"product_cat","embeddable":true,"href":"https:\/\/staging.nbg.eu\/es\/wp-json\/wp\/v2\/product_cat?post=574714"},{"taxonomy":"product_tag","embeddable":true,"href":"https:\/\/staging.nbg.eu\/es\/wp-json\/wp\/v2\/product_tag?post=574714"}],"curies":[{"name":"wp","href":"https:\/\/api.w.org\/{rel}","templated":true}]}}