{"id":56826,"date":"2024-02-20T20:12:58","date_gmt":"2024-09-13T13:32:36","guid":{"rendered":"https:\/\/staging.nbg.eu\/product\/geissele-super-precision-scope-mount-30mm-for-ar-15-vortex-1-6\/"},"modified":"2024-09-13T13:33:38","modified_gmt":"2024-09-13T13:33:38","slug":"geissele-montura-para-visor-super-precision-30mm-para-ar-15-vortex-1-6","status":"publish","type":"product","link":"https:\/\/staging.nbg.eu\/es\/producto\/geissele-montura-para-visor-super-precision-30mm-para-ar-15-vortex-1-6\/","title":{"rendered":"Geissele Montura para Visor Super Precision 30mm, para AR-15 (Vortex 1-6)"},"content":{"rendered":"<div class=\"description-text\">\n<div class=\"exerpt\">\n<p>Este soporte para mira AR-15 es parte de la Serie Certificada SOPMOD de Geissele, que incluye productos Geissele actualmente en uso por unidades militares y antiterroristas de \u00e9lite en el Comando de Operaciones Especiales de EE. UU. (USSOCOM). SOPMOD es un programa de USSOCOM que permite al personal de Operaciones Especiales configurar sus armas seg\u00fan preferencias individuales y requisitos de misi\u00f3n. El programa es un sistema de accesorios aprobado para el carabina M4A1, FN SCAR Mk 16\/17 y otras armas utilizadas por USSOCOM. Cada art\u00edculo Geissele ofrecido en la l\u00ednea de la serie SOPMOD ha pasado por rigurosas pruebas y certificaci\u00f3n del gobierno de EE. UU. por USSOCOM. Estos soportes para \u00f3pticas est\u00e1n mecanizados a partir de un solo bloque de 4.5 libras de aluminio de grado aeron\u00e1utico 7075-T6.<\/p>\n<p>Las tapas de mira numeradas individualmente se perforan en l\u00ednea con el cuerpo y se crean en una sola operaci\u00f3n, creando el mejor ajuste posible al cuerpo de la \u00f3ptica. Los soportes Geissele se fijan en su lugar utilizando el sistema cl\u00e1sico y probado de tuerca y abrazadera, que proporciona 1,400 libras de fuerza de sujeci\u00f3n por tuerca. Este sistema proporciona hasta 3 veces m\u00e1s fuerza de sujeci\u00f3n que cualquier sistema de palanca, mientras que las pesta\u00f1as de cizallamiento mecanizadas con precisi\u00f3n ayudan a fijar la \u00f3ptica en su lugar en el receptor durante el retroceso. La superficie de montaje abarca 8 secciones Picatinny.<\/p>\n<h2 style=\"text-align: center\"><strong>&#8212; ESPECIFICACIONES &#8212;<\/strong><\/h2>\n<table border=\"1\">\n<tbody>\n<tr>\n<td><strong>MATERIAL: <\/strong><\/td>\n<td> 7075-T6<\/td>\n<\/tr>\n<tr>\n<td><strong>COLOR: <\/strong><\/td>\n<td> Negro<\/td>\n<\/tr>\n<tr>\n<td><strong>ACABADO: <\/strong><\/td>\n<td> Anodizado duro Tipo-3<\/td>\n<\/tr>\n<tr>\n<td><strong>PESO: <\/strong><\/td>\n<td> 7.1 oz<\/td>\n<\/tr>\n<tr>\n<td><strong>TAMA\u00d1O DEL ANILLO: <\/strong><\/td>\n<td> 30mm<\/td>\n<\/tr>\n<\/tbody>\n<\/table>\n<\/div>\n<\/div>\n","protected":false},"excerpt":{"rendered":"<p><strong>Parte de la Serie Certificada SOPMOD de Geissele<\/strong><\/p>\n","protected":false},"featured_media":56827,"template":"","meta":{"_acf_changed":false},"product_brand":[11388],"product_cat":[12279],"product_tag":[],"class_list":{"0":"post-56826","1":"product","2":"type-product","3":"status-publish","4":"has-post-thumbnail","6":"product_brand-geissele","7":"product_cat-rifle","9":"first","10":"instock","11":"taxable","12":"shipping-taxable","13":"product-type-variable","14":"wvs-archive-product-wrapper"},"acf":[],"_links":{"self":[{"href":"https:\/\/staging.nbg.eu\/es\/wp-json\/wp\/v2\/product\/56826","targetHints":{"allow":["GET"]}}],"collection":[{"href":"https:\/\/staging.nbg.eu\/es\/wp-json\/wp\/v2\/product"}],"about":[{"href":"https:\/\/staging.nbg.eu\/es\/wp-json\/wp\/v2\/types\/product"}],"wp:featuredmedia":[{"embeddable":true,"href":"https:\/\/staging.nbg.eu\/es\/wp-json\/wp\/v2\/media\/56827"}],"wp:attachment":[{"href":"https:\/\/staging.nbg.eu\/es\/wp-json\/wp\/v2\/media?parent=56826"}],"wp:term":[{"taxonomy":"product_brand","embeddable":true,"href":"https:\/\/staging.nbg.eu\/es\/wp-json\/wp\/v2\/product_brand?post=56826"},{"taxonomy":"product_cat","embeddable":true,"href":"https:\/\/staging.nbg.eu\/es\/wp-json\/wp\/v2\/product_cat?post=56826"},{"taxonomy":"product_tag","embeddable":true,"href":"https:\/\/staging.nbg.eu\/es\/wp-json\/wp\/v2\/product_tag?post=56826"}],"curies":[{"name":"wp","href":"https:\/\/api.w.org\/{rel}","templated":true}]}}