{"id":56558,"date":"2024-02-20T20:21:46","date_gmt":"2024-09-13T13:27:06","guid":{"rendered":"https:\/\/staging.nbg.eu\/product\/geissele-super-precision-zero-compromise-scope-mount-36mm-black\/"},"modified":"2024-09-13T13:28:07","modified_gmt":"2024-09-13T13:28:07","slug":"geissele-super-precision-montura-para-visor-zero-compromise-36mm-negro","status":"publish","type":"product","link":"https:\/\/staging.nbg.eu\/es\/producto\/geissele-super-precision-montura-para-visor-zero-compromise-36mm-negro\/","title":{"rendered":"Geissele Super Precision &#8211; Montura para Visor Zero Compromise, 36mm &#8211; Negro"},"content":{"rendered":"<div class=\"product-description\">\n<h2>Geissele Super Precision\u00ae &#8211; Montura para mira telesc\u00f3pica Zero Compromise, 36mm &#8211; Negro<\/h2>\n<p>Dise\u00f1ado para la serie de \u00f3pticas Zero Compromise ZC420, esta montura es para tiradores de precisi\u00f3n de larga distancia. Caracter\u00edsticas:<\/p>\n<ul>\n<li>Inclinaci\u00f3n incorporada de 20 MOA (5.7 MIL) para rangos de elevaci\u00f3n extendidos<\/li>\n<li>Dise\u00f1o en voladizo extendido de 2.5&#8243; para alivio ocular \u00f3ptimo<\/li>\n<li>Leng\u00fcetas de corte mecanizadas para estabilidad<\/li>\n<li>1,400 libras de fuerza de sujeci\u00f3n usando el sistema de tuerca y perno de Geissele<\/li>\n<li>Instalaci\u00f3n y remoci\u00f3n r\u00e1pida con herramientas comunes<\/li>\n<li>Capacidad de retorno a cero<\/li>\n<li>Dise\u00f1o compacto para durabilidad y rendimiento<\/li>\n<\/ul>\n<p>Montura para mira telesc\u00f3pica Geissele Super Precision\u00ae Zero Compromise.<\/p>\n<\/div>\n","protected":false},"excerpt":{"rendered":"<p>Montura de mira resistente de 36 mm para tiro de precisi\u00f3n a larga distancia extrema.<\/p>\n","protected":false},"featured_media":56559,"template":"","meta":{"_acf_changed":false},"product_brand":[11388],"product_cat":[12279],"product_tag":[],"class_list":{"0":"post-56558","1":"product","2":"type-product","3":"status-publish","4":"has-post-thumbnail","6":"product_brand-geissele","7":"product_cat-rifle","9":"first","10":"instock","11":"taxable","12":"shipping-taxable","13":"product-type-simple"},"acf":[],"_links":{"self":[{"href":"https:\/\/staging.nbg.eu\/es\/wp-json\/wp\/v2\/product\/56558","targetHints":{"allow":["GET"]}}],"collection":[{"href":"https:\/\/staging.nbg.eu\/es\/wp-json\/wp\/v2\/product"}],"about":[{"href":"https:\/\/staging.nbg.eu\/es\/wp-json\/wp\/v2\/types\/product"}],"wp:featuredmedia":[{"embeddable":true,"href":"https:\/\/staging.nbg.eu\/es\/wp-json\/wp\/v2\/media\/56559"}],"wp:attachment":[{"href":"https:\/\/staging.nbg.eu\/es\/wp-json\/wp\/v2\/media?parent=56558"}],"wp:term":[{"taxonomy":"product_brand","embeddable":true,"href":"https:\/\/staging.nbg.eu\/es\/wp-json\/wp\/v2\/product_brand?post=56558"},{"taxonomy":"product_cat","embeddable":true,"href":"https:\/\/staging.nbg.eu\/es\/wp-json\/wp\/v2\/product_cat?post=56558"},{"taxonomy":"product_tag","embeddable":true,"href":"https:\/\/staging.nbg.eu\/es\/wp-json\/wp\/v2\/product_tag?post=56558"}],"curies":[{"name":"wp","href":"https:\/\/api.w.org\/{rel}","templated":true}]}}